{"id":196990,"date":"2021-10-01T12:20:27","date_gmt":"2021-10-01T09:20:27","guid":{"rendered":"http:\/\/dev.tactic.net\/tuote\/apprenons-langlais\/"},"modified":"2023-07-17T14:05:35","modified_gmt":"2023-07-17T11:05:35","slug":"apprenons-langlais","status":"archive","type":"product","link":"https:\/\/games.tactic.net\/fr\/tuote\/apprenons-langlais\/","title":{"rendered":"Apprenons l\u2019Anglais"},"content":{"rendered":"<p>Apprendre des langues \u00e9trang\u00e8res est important, et<br \/>\ncela peut m\u00eame \u00eatre amusant ! Apprenons l\u2019Anglais<br \/>\ncontient des cartes aux illustrations chatoyantes \u00e0<br \/>\npartir desquelles les joueurs peuvent nommer les<br \/>\nobjets qu\u2019ils reconnaissent, en Anglais ou en Fran\u00e7ais.<br \/>\nLes adultes participeront au jeu en v\u00e9rifiant les<br \/>\nr\u00e9ponses, et en encourageant les joueurs \u00e0 continuer<br \/>\nleur apprentissage !<\/p>\n","protected":false},"excerpt":{"rendered":"<p>Apprendre des langues \u00e9trang\u00e8res est important, et cela peut m\u00eame \u00eatre amusant ! Apprenons l\u2019Anglais contient des cartes aux illustrations chatoyantes \u00e0 partir desquelles les joueurs peuvent nommer les objets qu\u2019ils reconnaissent, en Anglais ou en Fran\u00e7ais. Les adultes participeront au jeu en v\u00e9rifiant les r\u00e9ponses, et en encourageant les joueurs \u00e0 continuer leur apprentissage [&hellip;]<\/p>\n","protected":false},"featured_media":0,"template":"","meta":{"content-type":"","_monsterinsights_skip_tracking":false,"_monsterinsights_sitenote_active":false,"_monsterinsights_sitenote_note":"","_monsterinsights_sitenote_category":0},"product_brand":[],"product_cat":[1863],"product_tag":[1236,410],"brand":[{"id":868,"name":"Let's Learn","slug":"letslearn-fr"}],"target-group":[],"discontinued":[],"class_list":{"0":"post-196990","1":"product","2":"type-product","3":"status-archive","5":"product_cat-jeux-dapprentissage","6":"product_tag-combiner-fr","7":"product_tag-educatif","8":"brand-letslearn-fr","10":"first","11":"outofstock","12":"taxable","13":"shipping-taxable","14":"product-type-simple"},"aioseo_notices":[],"_links":{"self":[{"href":"https:\/\/games.tactic.net\/fr\/wp-json\/wp\/v2\/product\/196990","targetHints":{"allow":["GET"]}}],"collection":[{"href":"https:\/\/games.tactic.net\/fr\/wp-json\/wp\/v2\/product"}],"about":[{"href":"https:\/\/games.tactic.net\/fr\/wp-json\/wp\/v2\/types\/product"}],"wp:attachment":[{"href":"https:\/\/games.tactic.net\/fr\/wp-json\/wp\/v2\/media?parent=196990"}],"wp:term":[{"taxonomy":"product_brand","embeddable":true,"href":"https:\/\/games.tactic.net\/fr\/wp-json\/wp\/v2\/product_brand?post=196990"},{"taxonomy":"product_cat","embeddable":true,"href":"https:\/\/games.tactic.net\/fr\/wp-json\/wp\/v2\/product_cat?post=196990"},{"taxonomy":"product_tag","embeddable":true,"href":"https:\/\/games.tactic.net\/fr\/wp-json\/wp\/v2\/product_tag?post=196990"},{"taxonomy":"brand","embeddable":true,"href":"https:\/\/games.tactic.net\/fr\/wp-json\/wp\/v2\/brand?post=196990"},{"taxonomy":"target-group","embeddable":true,"href":"https:\/\/games.tactic.net\/fr\/wp-json\/wp\/v2\/target-group?post=196990"},{"taxonomy":"discontinued","embeddable":true,"href":"https:\/\/games.tactic.net\/fr\/wp-json\/wp\/v2\/discontinued?post=196990"}],"curies":[{"name":"wp","href":"https:\/\/api.w.org\/{rel}","templated":true}]}}