{"id":196946,"date":"2021-10-01T12:17:19","date_gmt":"2021-10-01T09:17:19","guid":{"rendered":"http:\/\/dev.tactic.net\/tuote\/apprenons-les-couleurset-les-formes\/"},"modified":"2023-10-17T19:10:28","modified_gmt":"2023-10-17T16:10:28","slug":"apprenons-les-couleurset-les-formes","status":"publish","type":"product","link":"https:\/\/games.tactic.net\/fr\/tuote\/apprenons-les-couleurset-les-formes\/","title":{"rendered":"Tactic Apprenons les Couleurs et les Formes"},"content":{"rendered":"<p>Plonge dans le monde merveilleux des formes et des couleurs, et apprends \u00e0 les identifier ! Tente de remplir ton plateau de jeu \u00e0 l\u2019aide des formes de la bonne couleur. Le premier joueur \u00e0 placer sa quatri\u00e8me tuile remporte la partie ! Ce jeu aide votre enfant \u00e0 d\u00e9velopper son sens de l\u2019observation ainsi que sa motricit\u00e9 fine. Il n\u2019est jamais trop t\u00f4t pour apprendre !<\/p>\n","protected":false},"excerpt":{"rendered":"<p>Plonge dans le monde merveilleux des formes et des couleurs, et apprends \u00e0 les identifier ! Tente de remplir ton plateau de jeu \u00e0 l\u2019aide des formes de la bonne couleur. Le premier joueur \u00e0 placer sa quatri\u00e8me tuile remporte la partie\u00a0!<\/p>\n","protected":false},"featured_media":0,"template":"","meta":{"content-type":"","_monsterinsights_skip_tracking":false,"_monsterinsights_sitenote_active":false,"_monsterinsights_sitenote_note":"","_monsterinsights_sitenote_category":0},"product_brand":[],"product_cat":[1863],"product_tag":[1236,410],"brand":[{"id":868,"name":"Let's Learn","slug":"letslearn-fr"}],"target-group":[],"discontinued":[],"class_list":{"0":"post-196946","1":"product","2":"type-product","3":"status-publish","5":"product_cat-jeux-dapprentissage","6":"product_tag-combiner-fr","7":"product_tag-educatif","8":"brand-letslearn-fr","10":"first","11":"instock","12":"taxable","13":"shipping-taxable","14":"product-type-simple"},"aioseo_notices":[],"_links":{"self":[{"href":"https:\/\/games.tactic.net\/fr\/wp-json\/wp\/v2\/product\/196946","targetHints":{"allow":["GET"]}}],"collection":[{"href":"https:\/\/games.tactic.net\/fr\/wp-json\/wp\/v2\/product"}],"about":[{"href":"https:\/\/games.tactic.net\/fr\/wp-json\/wp\/v2\/types\/product"}],"wp:attachment":[{"href":"https:\/\/games.tactic.net\/fr\/wp-json\/wp\/v2\/media?parent=196946"}],"wp:term":[{"taxonomy":"product_brand","embeddable":true,"href":"https:\/\/games.tactic.net\/fr\/wp-json\/wp\/v2\/product_brand?post=196946"},{"taxonomy":"product_cat","embeddable":true,"href":"https:\/\/games.tactic.net\/fr\/wp-json\/wp\/v2\/product_cat?post=196946"},{"taxonomy":"product_tag","embeddable":true,"href":"https:\/\/games.tactic.net\/fr\/wp-json\/wp\/v2\/product_tag?post=196946"},{"taxonomy":"brand","embeddable":true,"href":"https:\/\/games.tactic.net\/fr\/wp-json\/wp\/v2\/brand?post=196946"},{"taxonomy":"target-group","embeddable":true,"href":"https:\/\/games.tactic.net\/fr\/wp-json\/wp\/v2\/target-group?post=196946"},{"taxonomy":"discontinued","embeddable":true,"href":"https:\/\/games.tactic.net\/fr\/wp-json\/wp\/v2\/discontinued?post=196946"}],"curies":[{"name":"wp","href":"https:\/\/api.w.org\/{rel}","templated":true}]}}