{"id":196875,"date":"2021-10-01T12:15:46","date_gmt":"2021-10-01T09:15:46","guid":{"rendered":"http:\/\/dev.tactic.net\/tuote\/apprenons-les-chiffres\/"},"modified":"2023-10-17T19:12:54","modified_gmt":"2023-10-17T16:12:54","slug":"apprenons-les-chiffres","status":"publish","type":"product","link":"https:\/\/games.tactic.net\/fr\/tuote\/apprenons-les-chiffres\/","title":{"rendered":"Tactic Apprenons les Chiffres"},"content":{"rendered":"<p>Un jeu simple et agr\u00e9able pour les enfants souhaitant apprendre \u00e0 compter. R\u00e9solvez des calculs simples en pla\u00e7ant les tuiles sur le plateau de jeu. Si vous r\u00e9ussissez tous les exercices, vous aurez la joie de d\u00e9couvrir une illustration au dos du plateau ! Le jeu contient 8 plateaux et 72 exercices de diff\u00e9rents niveaux de difficult\u00e9, le d\u00e9fi parfait pour d\u00e9velopper l\u2019app\u00e9tence pour les math\u00e9matiques d\u2019un enfant curieux !<\/p>\n","protected":false},"excerpt":{"rendered":"<p>Un jeu simple et agr\u00e9able pour les enfants souhaitant apprendre \u00e0 compter. R\u00e9solvez des calculs simples en pla\u00e7ant les tuiles sur le plateau de jeu. Si vous r\u00e9ussissez tous les exercices, vous aurez la joie de d\u00e9couvrir une illustration au dos du plateau !<\/p>\n","protected":false},"featured_media":0,"template":"","meta":{"content-type":"","_monsterinsights_skip_tracking":false,"_monsterinsights_sitenote_active":false,"_monsterinsights_sitenote_note":"","_monsterinsights_sitenote_category":0},"product_brand":[],"product_cat":[1863],"product_tag":[1236,410],"brand":[{"id":868,"name":"Let's Learn","slug":"letslearn-fr"}],"target-group":[],"discontinued":[],"class_list":{"0":"post-196875","1":"product","2":"type-product","3":"status-publish","5":"product_cat-jeux-dapprentissage","6":"product_tag-combiner-fr","7":"product_tag-educatif","8":"brand-letslearn-fr","10":"first","11":"instock","12":"taxable","13":"shipping-taxable","14":"product-type-simple"},"aioseo_notices":[],"_links":{"self":[{"href":"https:\/\/games.tactic.net\/fr\/wp-json\/wp\/v2\/product\/196875","targetHints":{"allow":["GET"]}}],"collection":[{"href":"https:\/\/games.tactic.net\/fr\/wp-json\/wp\/v2\/product"}],"about":[{"href":"https:\/\/games.tactic.net\/fr\/wp-json\/wp\/v2\/types\/product"}],"wp:attachment":[{"href":"https:\/\/games.tactic.net\/fr\/wp-json\/wp\/v2\/media?parent=196875"}],"wp:term":[{"taxonomy":"product_brand","embeddable":true,"href":"https:\/\/games.tactic.net\/fr\/wp-json\/wp\/v2\/product_brand?post=196875"},{"taxonomy":"product_cat","embeddable":true,"href":"https:\/\/games.tactic.net\/fr\/wp-json\/wp\/v2\/product_cat?post=196875"},{"taxonomy":"product_tag","embeddable":true,"href":"https:\/\/games.tactic.net\/fr\/wp-json\/wp\/v2\/product_tag?post=196875"},{"taxonomy":"brand","embeddable":true,"href":"https:\/\/games.tactic.net\/fr\/wp-json\/wp\/v2\/brand?post=196875"},{"taxonomy":"target-group","embeddable":true,"href":"https:\/\/games.tactic.net\/fr\/wp-json\/wp\/v2\/target-group?post=196875"},{"taxonomy":"discontinued","embeddable":true,"href":"https:\/\/games.tactic.net\/fr\/wp-json\/wp\/v2\/discontinued?post=196875"}],"curies":[{"name":"wp","href":"https:\/\/api.w.org\/{rel}","templated":true}]}}