{"id":196860,"date":"2021-10-01T12:14:16","date_gmt":"2021-10-01T09:14:16","guid":{"rendered":"http:\/\/dev.tactic.net\/tuote\/apprenons-leslettres-et-les-mots\/"},"modified":"2023-10-17T19:11:41","modified_gmt":"2023-10-17T16:11:41","slug":"apprenons-leslettres-et-les-mots","status":"publish","type":"product","link":"https:\/\/games.tactic.net\/fr\/tuote\/apprenons-leslettres-et-les-mots\/","title":{"rendered":"Tactic Apprenons les Lettres et les Mots"},"content":{"rendered":"<p>Ces quatre jeux de lettres amusants aident les enfants dans l\u2019apprentissage de la lecture et de l\u2019\u00e9criture, c\u2019est simple comme bonjour ! Les plateaux \u00e0 lettres permettent aux enfants de former des mots, et graduellement d\u2019aller vers de plus grands d\u00e9fis. Les autres mini-jeux encouragent les joueurs \u00e0 se servir de leur intelligence de bien des fa\u00e7ons. D\u00e9couvrir les lettres et les mots entretient la curiosit\u00e9 naturelle des enfants et captive durablement leur attention !<\/p>\n","protected":false},"excerpt":{"rendered":"<p>D\u00e9couvrir les lettres et les mots entretient la curiosit\u00e9 naturelle de votre enfant, et captive son attention. D\u00e9veloppe tes comp\u00e9tences de lecture et d\u2019\u00e9criture gr\u00e2ce \u00e0 4 jeux amusants et simples comme bonjour !<\/p>\n","protected":false},"featured_media":0,"template":"","meta":{"content-type":"","_monsterinsights_skip_tracking":false,"_monsterinsights_sitenote_active":false,"_monsterinsights_sitenote_note":"","_monsterinsights_sitenote_category":0},"product_brand":[],"product_cat":[1863],"product_tag":[1236,410],"brand":[{"id":868,"name":"Let's Learn","slug":"letslearn-fr"}],"target-group":[],"discontinued":[],"class_list":{"0":"post-196860","1":"product","2":"type-product","3":"status-publish","5":"product_cat-jeux-dapprentissage","6":"product_tag-combiner-fr","7":"product_tag-educatif","8":"brand-letslearn-fr","10":"first","11":"outofstock","12":"taxable","13":"shipping-taxable","14":"product-type-simple"},"aioseo_notices":[],"_links":{"self":[{"href":"https:\/\/games.tactic.net\/fr\/wp-json\/wp\/v2\/product\/196860","targetHints":{"allow":["GET"]}}],"collection":[{"href":"https:\/\/games.tactic.net\/fr\/wp-json\/wp\/v2\/product"}],"about":[{"href":"https:\/\/games.tactic.net\/fr\/wp-json\/wp\/v2\/types\/product"}],"wp:attachment":[{"href":"https:\/\/games.tactic.net\/fr\/wp-json\/wp\/v2\/media?parent=196860"}],"wp:term":[{"taxonomy":"product_brand","embeddable":true,"href":"https:\/\/games.tactic.net\/fr\/wp-json\/wp\/v2\/product_brand?post=196860"},{"taxonomy":"product_cat","embeddable":true,"href":"https:\/\/games.tactic.net\/fr\/wp-json\/wp\/v2\/product_cat?post=196860"},{"taxonomy":"product_tag","embeddable":true,"href":"https:\/\/games.tactic.net\/fr\/wp-json\/wp\/v2\/product_tag?post=196860"},{"taxonomy":"brand","embeddable":true,"href":"https:\/\/games.tactic.net\/fr\/wp-json\/wp\/v2\/brand?post=196860"},{"taxonomy":"target-group","embeddable":true,"href":"https:\/\/games.tactic.net\/fr\/wp-json\/wp\/v2\/target-group?post=196860"},{"taxonomy":"discontinued","embeddable":true,"href":"https:\/\/games.tactic.net\/fr\/wp-json\/wp\/v2\/discontinued?post=196860"}],"curies":[{"name":"wp","href":"https:\/\/api.w.org\/{rel}","templated":true}]}}