{"id":196817,"date":"2021-10-01T12:12:46","date_gmt":"2021-10-01T09:12:46","guid":{"rendered":"http:\/\/dev.tactic.net\/tuote\/2-jeux-en-1-course-de-luge-voyage-en-ski\/"},"modified":"2025-10-29T13:07:17","modified_gmt":"2025-10-29T11:07:17","slug":"2-jeux-en-1-course-de-luge-voyage-en-ski","status":"archive","type":"product","link":"https:\/\/games.tactic.net\/fr\/tuote\/2-jeux-en-1-course-de-luge-voyage-en-ski\/","title":{"rendered":"Tactic 2 jeux en 1 Course de luge \/ Voyage en ski"},"content":{"rendered":"<p>Que diriez-vous d\u2019une petite s\u00e9quence nostalgie ? Cette bo\u00eete contient deux jeux distincts, Sledge Race et Skiing Trip. Lancez le d\u00e9 et tentez de franchir la ligne d\u2019arriv\u00e9e avant vos adversaires, mais attention ! Le chemin sera parsem\u00e9 d\u2019embuches !<\/p>\n","protected":false},"excerpt":{"rendered":"<p>Que diriez-vous d\u2019une petite s\u00e9quence nostalgie ? Cette bo\u00eete contient deux jeux distincts, Sledge Race et Skiing Trip. Lancez le d\u00e9 et tentez de franchir la ligne d\u2019arriv\u00e9e avant vos adversaires, mais attention ! Le chemin sera parsem\u00e9 d\u2019embuches !<\/p>\n","protected":false},"featured_media":0,"template":"","meta":{"content-type":"","_monsterinsights_skip_tracking":false,"_monsterinsights_sitenote_active":false,"_monsterinsights_sitenote_note":"","_monsterinsights_sitenote_category":0},"product_brand":[],"product_cat":[1858],"product_tag":[1326],"brand":[],"target-group":[],"discontinued":[],"class_list":{"0":"post-196817","1":"product","2":"type-product","3":"status-archive","5":"product_cat-jeux-de-societe-enfants","6":"product_tag-ensemble","8":"first","9":"outofstock","10":"taxable","11":"shipping-taxable","12":"product-type-simple"},"aioseo_notices":[],"_links":{"self":[{"href":"https:\/\/games.tactic.net\/fr\/wp-json\/wp\/v2\/product\/196817","targetHints":{"allow":["GET"]}}],"collection":[{"href":"https:\/\/games.tactic.net\/fr\/wp-json\/wp\/v2\/product"}],"about":[{"href":"https:\/\/games.tactic.net\/fr\/wp-json\/wp\/v2\/types\/product"}],"wp:attachment":[{"href":"https:\/\/games.tactic.net\/fr\/wp-json\/wp\/v2\/media?parent=196817"}],"wp:term":[{"taxonomy":"product_brand","embeddable":true,"href":"https:\/\/games.tactic.net\/fr\/wp-json\/wp\/v2\/product_brand?post=196817"},{"taxonomy":"product_cat","embeddable":true,"href":"https:\/\/games.tactic.net\/fr\/wp-json\/wp\/v2\/product_cat?post=196817"},{"taxonomy":"product_tag","embeddable":true,"href":"https:\/\/games.tactic.net\/fr\/wp-json\/wp\/v2\/product_tag?post=196817"},{"taxonomy":"brand","embeddable":true,"href":"https:\/\/games.tactic.net\/fr\/wp-json\/wp\/v2\/brand?post=196817"},{"taxonomy":"target-group","embeddable":true,"href":"https:\/\/games.tactic.net\/fr\/wp-json\/wp\/v2\/target-group?post=196817"},{"taxonomy":"discontinued","embeddable":true,"href":"https:\/\/games.tactic.net\/fr\/wp-json\/wp\/v2\/discontinued?post=196817"}],"curies":[{"name":"wp","href":"https:\/\/api.w.org\/{rel}","templated":true}]}}