{"id":196787,"date":"2021-10-01T12:11:00","date_gmt":"2021-10-01T09:11:00","guid":{"rendered":"http:\/\/dev.tactic.net\/tuote\/snakes-ladders-jeux-du-cirque\/"},"modified":"2025-10-22T11:30:54","modified_gmt":"2025-10-22T08:30:54","slug":"snakes-ladders-jeux-du-cirque","status":"archive","type":"product","link":"https:\/\/games.tactic.net\/fr\/tuote\/snakes-ladders-jeux-du-cirque\/","title":{"rendered":"Tactic Snakes  Ladders \/ Jeux du cirque"},"content":{"rendered":"<p>Que diriez-vous d\u2019une petite s\u00e9quence nostalgie ? Lancez le d\u00e9 et entrez sur la piste ! Avec un peu de chance, vous atterrirez sur une case bleue et d\u00e9passerez les autres joueurs. Attention aux cases rouges cependant, car elles vous feront tomber ! Le premier joueur \u00e0 atteindre la ligne d\u2019arriv\u00e9e remporte la partie !<\/p>\n","protected":false},"excerpt":{"rendered":"<p>Que diriez-vous d\u2019une petite s\u00e9quence nostalgie ? Lancez le d\u00e9 et entrez sur la piste ! Avec un peu de chance, vous atterrirez sur une case bleue et d\u00e9passerez les autres joueurs. Attention aux cases rouges cependant, car elles vous feront tomber ! Le premier joueur \u00e0 atteindre la ligne d\u2019arriv\u00e9e remporte la partie !<\/p>\n","protected":false},"featured_media":0,"template":"","meta":{"content-type":"","_monsterinsights_skip_tracking":false,"_monsterinsights_sitenote_active":false,"_monsterinsights_sitenote_note":"","_monsterinsights_sitenote_category":0},"product_brand":[],"product_cat":[1858],"product_tag":[1326],"brand":[],"target-group":[],"discontinued":[],"class_list":{"0":"post-196787","1":"product","2":"type-product","3":"status-archive","5":"product_cat-jeux-de-societe-enfants","6":"product_tag-ensemble","8":"first","9":"outofstock","10":"taxable","11":"shipping-taxable","12":"product-type-simple"},"aioseo_notices":[],"_links":{"self":[{"href":"https:\/\/games.tactic.net\/fr\/wp-json\/wp\/v2\/product\/196787","targetHints":{"allow":["GET"]}}],"collection":[{"href":"https:\/\/games.tactic.net\/fr\/wp-json\/wp\/v2\/product"}],"about":[{"href":"https:\/\/games.tactic.net\/fr\/wp-json\/wp\/v2\/types\/product"}],"wp:attachment":[{"href":"https:\/\/games.tactic.net\/fr\/wp-json\/wp\/v2\/media?parent=196787"}],"wp:term":[{"taxonomy":"product_brand","embeddable":true,"href":"https:\/\/games.tactic.net\/fr\/wp-json\/wp\/v2\/product_brand?post=196787"},{"taxonomy":"product_cat","embeddable":true,"href":"https:\/\/games.tactic.net\/fr\/wp-json\/wp\/v2\/product_cat?post=196787"},{"taxonomy":"product_tag","embeddable":true,"href":"https:\/\/games.tactic.net\/fr\/wp-json\/wp\/v2\/product_tag?post=196787"},{"taxonomy":"brand","embeddable":true,"href":"https:\/\/games.tactic.net\/fr\/wp-json\/wp\/v2\/brand?post=196787"},{"taxonomy":"target-group","embeddable":true,"href":"https:\/\/games.tactic.net\/fr\/wp-json\/wp\/v2\/target-group?post=196787"},{"taxonomy":"discontinued","embeddable":true,"href":"https:\/\/games.tactic.net\/fr\/wp-json\/wp\/v2\/discontinued?post=196787"}],"curies":[{"name":"wp","href":"https:\/\/api.w.org\/{rel}","templated":true}]}}