{"id":196772,"date":"2021-10-01T12:10:11","date_gmt":"2021-10-01T09:10:11","guid":{"rendered":"http:\/\/dev.tactic.net\/tuote\/junior-kimble\/"},"modified":"2023-10-25T13:31:22","modified_gmt":"2023-10-25T10:31:22","slug":"junior-kimble","status":"publish","type":"product","link":"https:\/\/games.tactic.net\/fr\/tuote\/junior-kimble\/","title":{"rendered":"Tactic Kimble Junior board game"},"content":{"rendered":"<p>La nouvelle version des Petits Chevaux ! Un jeu de parcours sur le principe du jeu des petits chevaux ; sur ce plateau alv\u00e9ol\u00e9 les personnages tiendront bien en place. Qui le premier rassemblera ses 4 personnages sur sa ligne d\u2019arriv\u00e9e pour gagner ? Attention vos adversaires feront tout pour vous en emp\u00eacher\u2026 \u00ab Un Clic \u00bb sur la bulle et le d\u00e9 rebondit ! Gr\u00e2ce \u00e0 ce d\u00e9 sous bulle, cette ing\u00e9nieuse coque plastique, vous pourrez faire rebondir le d\u00e9 des centaines de fois sans jamais le perdre !<\/p>\n","protected":false},"excerpt":{"rendered":"<p>La nouvelle version des Petits Chevaux ! Un jeu de parcours sur le principe du jeu des petits chevaux ; sur ce plateau alv\u00e9ol\u00e9 les personnages tiendront bien en place. Qui le premier rassemblera ses 4 personnages sur sa ligne d\u2019arriv\u00e9e pour gagner ? Attention vos adversaires feront tout pour vous en emp\u00eacher\u2026 \u00ab Un [&hellip;]<\/p>\n","protected":false},"featured_media":0,"template":"","meta":{"content-type":"","_monsterinsights_skip_tracking":false,"_monsterinsights_sitenote_active":false,"_monsterinsights_sitenote_note":"","_monsterinsights_sitenote_category":0},"product_brand":[],"product_cat":[1858],"product_tag":[302,1326],"brand":[{"id":1859,"name":"Kimble","slug":"kimble-6"}],"target-group":[],"discontinued":[],"class_list":{"0":"post-196772","1":"product","2":"type-product","3":"status-publish","5":"product_cat-jeux-de-societe-enfants","6":"product_tag-action","7":"product_tag-ensemble","8":"brand-kimble-6","10":"first","11":"instock","12":"taxable","13":"shipping-taxable","14":"product-type-simple"},"aioseo_notices":[],"_links":{"self":[{"href":"https:\/\/games.tactic.net\/fr\/wp-json\/wp\/v2\/product\/196772","targetHints":{"allow":["GET"]}}],"collection":[{"href":"https:\/\/games.tactic.net\/fr\/wp-json\/wp\/v2\/product"}],"about":[{"href":"https:\/\/games.tactic.net\/fr\/wp-json\/wp\/v2\/types\/product"}],"wp:attachment":[{"href":"https:\/\/games.tactic.net\/fr\/wp-json\/wp\/v2\/media?parent=196772"}],"wp:term":[{"taxonomy":"product_brand","embeddable":true,"href":"https:\/\/games.tactic.net\/fr\/wp-json\/wp\/v2\/product_brand?post=196772"},{"taxonomy":"product_cat","embeddable":true,"href":"https:\/\/games.tactic.net\/fr\/wp-json\/wp\/v2\/product_cat?post=196772"},{"taxonomy":"product_tag","embeddable":true,"href":"https:\/\/games.tactic.net\/fr\/wp-json\/wp\/v2\/product_tag?post=196772"},{"taxonomy":"brand","embeddable":true,"href":"https:\/\/games.tactic.net\/fr\/wp-json\/wp\/v2\/brand?post=196772"},{"taxonomy":"target-group","embeddable":true,"href":"https:\/\/games.tactic.net\/fr\/wp-json\/wp\/v2\/target-group?post=196772"},{"taxonomy":"discontinued","embeddable":true,"href":"https:\/\/games.tactic.net\/fr\/wp-json\/wp\/v2\/discontinued?post=196772"}],"curies":[{"name":"wp","href":"https:\/\/api.w.org\/{rel}","templated":true}]}}