{"id":196728,"date":"2021-10-01T12:08:33","date_gmt":"2021-10-01T09:08:33","guid":{"rendered":"http:\/\/dev.tactic.net\/tuote\/mimons-ensemble\/"},"modified":"2023-10-25T13:48:34","modified_gmt":"2023-10-25T10:48:34","slug":"mimons-ensemble","status":"publish","type":"product","link":"https:\/\/games.tactic.net\/fr\/tuote\/mimons-ensemble\/","title":{"rendered":"Tactic Mimons Ensemble"},"content":{"rendered":"<p>Mime le mot ou le dessin sur la carte pour le faire deviner aux autres joueurs avant que le sablier soit \u00e9coul\u00e9 !<\/p>\n","protected":false},"excerpt":{"rendered":"<p>Mime le mot ou le dessin sur la carte pour le faire deviner aux autres joueurs avant que le sablier soit \u00e9coul\u00e9 ! Le jeu des mimes remis \u00e0 neuf ! Permet aux enfants de d\u00e9velopper leur imagination. La pr\u00e9sentation est originale, car c\u2019est la bo\u00eete qui sert de plateau de jeu !<\/p>\n","protected":false},"featured_media":0,"template":"","meta":{"content-type":"","_monsterinsights_skip_tracking":false,"_monsterinsights_sitenote_active":false,"_monsterinsights_sitenote_note":"","_monsterinsights_sitenote_category":0},"product_brand":[],"product_cat":[1858],"product_tag":[326],"brand":[],"target-group":[],"discontinued":[],"class_list":{"0":"post-196728","1":"product","2":"type-product","3":"status-publish","5":"product_cat-jeux-de-societe-enfants","6":"product_tag-creativite","8":"first","9":"instock","10":"taxable","11":"shipping-taxable","12":"product-type-simple"},"aioseo_notices":[],"_links":{"self":[{"href":"https:\/\/games.tactic.net\/fr\/wp-json\/wp\/v2\/product\/196728","targetHints":{"allow":["GET"]}}],"collection":[{"href":"https:\/\/games.tactic.net\/fr\/wp-json\/wp\/v2\/product"}],"about":[{"href":"https:\/\/games.tactic.net\/fr\/wp-json\/wp\/v2\/types\/product"}],"wp:attachment":[{"href":"https:\/\/games.tactic.net\/fr\/wp-json\/wp\/v2\/media?parent=196728"}],"wp:term":[{"taxonomy":"product_brand","embeddable":true,"href":"https:\/\/games.tactic.net\/fr\/wp-json\/wp\/v2\/product_brand?post=196728"},{"taxonomy":"product_cat","embeddable":true,"href":"https:\/\/games.tactic.net\/fr\/wp-json\/wp\/v2\/product_cat?post=196728"},{"taxonomy":"product_tag","embeddable":true,"href":"https:\/\/games.tactic.net\/fr\/wp-json\/wp\/v2\/product_tag?post=196728"},{"taxonomy":"brand","embeddable":true,"href":"https:\/\/games.tactic.net\/fr\/wp-json\/wp\/v2\/brand?post=196728"},{"taxonomy":"target-group","embeddable":true,"href":"https:\/\/games.tactic.net\/fr\/wp-json\/wp\/v2\/target-group?post=196728"},{"taxonomy":"discontinued","embeddable":true,"href":"https:\/\/games.tactic.net\/fr\/wp-json\/wp\/v2\/discontinued?post=196728"}],"curies":[{"name":"wp","href":"https:\/\/api.w.org\/{rel}","templated":true}]}}