{"id":196642,"date":"2021-10-01T12:05:52","date_gmt":"2021-10-01T09:05:52","guid":{"rendered":"http:\/\/dev.tactic.net\/tuote\/choco\/"},"modified":"2023-10-25T13:23:23","modified_gmt":"2023-10-25T10:23:23","slug":"choco","status":"publish","type":"product","link":"https:\/\/games.tactic.net\/fr\/tuote\/choco\/","title":{"rendered":"Tactic Choco board game"},"content":{"rendered":"<p>Clique sur le d\u00e9 pour savoir si tu dois trouver une cacahu\u00e8te ou une cerise, puis retourne un Choco ! R\u00e9cup\u00e8re plus de morceaux de Choco que les autres joueurs pour gagner la partie, mais attention \u00e0 la fourmi gourmande !<\/p>\n","protected":false},"excerpt":{"rendered":"<p>Clique sur le d\u00e9 pour savoir si tu dois trouver une cacahu\u00e8te ou une cerise, puis retourne un Choco ! R\u00e9cup\u00e8re plus de morceaux de Choco que les autres joueurs pour gagner la partie, mais attention \u00e0 la fourmi gourmande !<\/p>\n","protected":false},"featured_media":0,"template":"","meta":{"content-type":"","_monsterinsights_skip_tracking":false,"_monsterinsights_sitenote_active":false,"_monsterinsights_sitenote_note":"","_monsterinsights_sitenote_category":0},"product_brand":[],"product_cat":[1858],"product_tag":[1031,1236,410],"brand":[],"target-group":[],"discontinued":[],"class_list":{"0":"post-196642","1":"product","2":"type-product","3":"status-publish","5":"product_cat-jeux-de-societe-enfants","6":"product_tag-chance","7":"product_tag-combiner-fr","8":"product_tag-educatif","10":"first","11":"instock","12":"taxable","13":"shipping-taxable","14":"product-type-simple"},"aioseo_notices":[],"_links":{"self":[{"href":"https:\/\/games.tactic.net\/fr\/wp-json\/wp\/v2\/product\/196642","targetHints":{"allow":["GET"]}}],"collection":[{"href":"https:\/\/games.tactic.net\/fr\/wp-json\/wp\/v2\/product"}],"about":[{"href":"https:\/\/games.tactic.net\/fr\/wp-json\/wp\/v2\/types\/product"}],"wp:attachment":[{"href":"https:\/\/games.tactic.net\/fr\/wp-json\/wp\/v2\/media?parent=196642"}],"wp:term":[{"taxonomy":"product_brand","embeddable":true,"href":"https:\/\/games.tactic.net\/fr\/wp-json\/wp\/v2\/product_brand?post=196642"},{"taxonomy":"product_cat","embeddable":true,"href":"https:\/\/games.tactic.net\/fr\/wp-json\/wp\/v2\/product_cat?post=196642"},{"taxonomy":"product_tag","embeddable":true,"href":"https:\/\/games.tactic.net\/fr\/wp-json\/wp\/v2\/product_tag?post=196642"},{"taxonomy":"brand","embeddable":true,"href":"https:\/\/games.tactic.net\/fr\/wp-json\/wp\/v2\/brand?post=196642"},{"taxonomy":"target-group","embeddable":true,"href":"https:\/\/games.tactic.net\/fr\/wp-json\/wp\/v2\/target-group?post=196642"},{"taxonomy":"discontinued","embeddable":true,"href":"https:\/\/games.tactic.net\/fr\/wp-json\/wp\/v2\/discontinued?post=196642"}],"curies":[{"name":"wp","href":"https:\/\/api.w.org\/{rel}","templated":true}]}}