{"id":196585,"date":"2021-10-01T12:03:34","date_gmt":"2021-10-01T09:03:34","guid":{"rendered":"http:\/\/dev.tactic.net\/tuote\/france-quiz-junior\/"},"modified":"2023-10-25T14:01:59","modified_gmt":"2023-10-25T11:01:59","slug":"france-quiz-junior","status":"publish","type":"product","link":"https:\/\/games.tactic.net\/fr\/tuote\/france-quiz-junior\/","title":{"rendered":"Tactic France Quiz Junior"},"content":{"rendered":"<p>Combien en savez-vous sur votre propre pays ? Choisissez la bonne r\u00e9ponse pour avancer sur le plateau de jeu, et tenter de finir sur la premi\u00e8re marche du podium !<\/p>\n","protected":false},"excerpt":{"rendered":"<p>Combien en savez-vous sur votre propre pays ? Choisissez la bonne r\u00e9ponse pour avancer sur le plateau de jeu, et tenter de finir sur la premi\u00e8re marche du podium ! Tout le monde r\u00e9pond en m\u00eame temps ! Des questions int\u00e9ressantes, \u00e9ducatives et amusantes \u00e0 la fois. Contient \u00e9galement des questions sous forme d\u2019images !<\/p>\n","protected":false},"featured_media":0,"template":"","meta":{"content-type":"","_monsterinsights_skip_tracking":false,"_monsterinsights_sitenote_active":false,"_monsterinsights_sitenote_note":"","_monsterinsights_sitenote_category":0},"product_brand":[],"product_cat":[1906,1858],"product_tag":[1327,410,1326],"brand":[],"target-group":[],"discontinued":[],"class_list":{"0":"post-196585","1":"product","2":"type-product","3":"status-publish","5":"product_cat-jeux-de-quiz-jeux-famille-2","6":"product_cat-jeux-de-societe-enfants","7":"product_tag-connaissance","8":"product_tag-educatif","9":"product_tag-ensemble","11":"first","12":"instock","13":"taxable","14":"shipping-taxable","15":"product-type-simple"},"aioseo_notices":[],"_links":{"self":[{"href":"https:\/\/games.tactic.net\/fr\/wp-json\/wp\/v2\/product\/196585","targetHints":{"allow":["GET"]}}],"collection":[{"href":"https:\/\/games.tactic.net\/fr\/wp-json\/wp\/v2\/product"}],"about":[{"href":"https:\/\/games.tactic.net\/fr\/wp-json\/wp\/v2\/types\/product"}],"wp:attachment":[{"href":"https:\/\/games.tactic.net\/fr\/wp-json\/wp\/v2\/media?parent=196585"}],"wp:term":[{"taxonomy":"product_brand","embeddable":true,"href":"https:\/\/games.tactic.net\/fr\/wp-json\/wp\/v2\/product_brand?post=196585"},{"taxonomy":"product_cat","embeddable":true,"href":"https:\/\/games.tactic.net\/fr\/wp-json\/wp\/v2\/product_cat?post=196585"},{"taxonomy":"product_tag","embeddable":true,"href":"https:\/\/games.tactic.net\/fr\/wp-json\/wp\/v2\/product_tag?post=196585"},{"taxonomy":"brand","embeddable":true,"href":"https:\/\/games.tactic.net\/fr\/wp-json\/wp\/v2\/brand?post=196585"},{"taxonomy":"target-group","embeddable":true,"href":"https:\/\/games.tactic.net\/fr\/wp-json\/wp\/v2\/target-group?post=196585"},{"taxonomy":"discontinued","embeddable":true,"href":"https:\/\/games.tactic.net\/fr\/wp-json\/wp\/v2\/discontinued?post=196585"}],"curies":[{"name":"wp","href":"https:\/\/api.w.org\/{rel}","templated":true}]}}