{"id":196508,"date":"2021-10-01T11:59:05","date_gmt":"2021-10-01T08:59:05","guid":{"rendered":"http:\/\/dev.tactic.net\/tuote\/monster-bingo\/"},"modified":"2023-10-25T13:49:17","modified_gmt":"2023-10-25T10:49:17","slug":"monster-bingo","status":"publish","type":"product","link":"https:\/\/games.tactic.net\/fr\/tuote\/monster-bingo\/","title":{"rendered":"Tactic Monster Bingo"},"content":{"rendered":"<p>Monster Bingo va vous faire retrouver le sourire ! S\u00e9lectionnez votre monstre favori, lancez le d\u00e9 et tentez de former une ligne droite de 4 jetons sur votre plateau de Bingo. Le premier joueur \u00e0 former une ligne compl\u00e8te remporte la partie !<\/p>\n","protected":false},"excerpt":{"rendered":"<p>Monster Bingo va vous faire retrouver le sourire ! S\u00e9lectionnez votre monstre favori, lancez le d\u00e9 et tentez de former une ligne droite de 4 jetons sur votre plateau de Bingo. Le premier joueur \u00e0 former une ligne compl\u00e8te remporte la partie !<\/p>\n","protected":false},"featured_media":0,"template":"","meta":{"content-type":"","_monsterinsights_skip_tracking":false,"_monsterinsights_sitenote_active":false,"_monsterinsights_sitenote_note":"","_monsterinsights_sitenote_category":0},"product_brand":[],"product_cat":[1858],"product_tag":[1031,1236],"brand":[],"target-group":[],"discontinued":[],"class_list":{"0":"post-196508","1":"product","2":"type-product","3":"status-publish","5":"product_cat-jeux-de-societe-enfants","6":"product_tag-chance","7":"product_tag-combiner-fr","9":"first","10":"instock","11":"taxable","12":"shipping-taxable","13":"product-type-simple"},"aioseo_notices":[],"_links":{"self":[{"href":"https:\/\/games.tactic.net\/fr\/wp-json\/wp\/v2\/product\/196508","targetHints":{"allow":["GET"]}}],"collection":[{"href":"https:\/\/games.tactic.net\/fr\/wp-json\/wp\/v2\/product"}],"about":[{"href":"https:\/\/games.tactic.net\/fr\/wp-json\/wp\/v2\/types\/product"}],"wp:attachment":[{"href":"https:\/\/games.tactic.net\/fr\/wp-json\/wp\/v2\/media?parent=196508"}],"wp:term":[{"taxonomy":"product_brand","embeddable":true,"href":"https:\/\/games.tactic.net\/fr\/wp-json\/wp\/v2\/product_brand?post=196508"},{"taxonomy":"product_cat","embeddable":true,"href":"https:\/\/games.tactic.net\/fr\/wp-json\/wp\/v2\/product_cat?post=196508"},{"taxonomy":"product_tag","embeddable":true,"href":"https:\/\/games.tactic.net\/fr\/wp-json\/wp\/v2\/product_tag?post=196508"},{"taxonomy":"brand","embeddable":true,"href":"https:\/\/games.tactic.net\/fr\/wp-json\/wp\/v2\/brand?post=196508"},{"taxonomy":"target-group","embeddable":true,"href":"https:\/\/games.tactic.net\/fr\/wp-json\/wp\/v2\/target-group?post=196508"},{"taxonomy":"discontinued","embeddable":true,"href":"https:\/\/games.tactic.net\/fr\/wp-json\/wp\/v2\/discontinued?post=196508"}],"curies":[{"name":"wp","href":"https:\/\/api.w.org\/{rel}","templated":true}]}}