{"id":196493,"date":"2021-10-01T11:58:34","date_gmt":"2021-10-01T08:58:34","guid":{"rendered":"http:\/\/dev.tactic.net\/tuote\/animal-yatzy\/"},"modified":"2023-10-25T13:20:28","modified_gmt":"2023-10-25T10:20:28","slug":"animal-yatzy","status":"publish","type":"product","link":"https:\/\/games.tactic.net\/fr\/tuote\/animal-yatzy\/","title":{"rendered":"Tactic Animal Yatzy"},"content":{"rendered":"<p>En avant pour une partie sauvage de Animal Yatzy ! Lance les 5 d\u00e9s et tente d\u2019obtenir diff\u00e9rentes combinaisons telles que repr\u00e9sent\u00e9es sur le bloc de score. Le joueur obtenant le score le plus \u00e9lev\u00e9 \u00e0 la fin de la partie est d\u00e9clar\u00e9 vainqueur.<\/p>\n","protected":false},"excerpt":{"rendered":"<p>En avant pour une partie sauvage de Animal Yatzy ! Lance les 5 d\u00e9s et tente d\u2019obtenir diff\u00e9rentes combinaisons telles que repr\u00e9sent\u00e9es sur le bloc de score. Le joueur obtenant le score le plus \u00e9lev\u00e9 \u00e0 la fin de la partie est d\u00e9clar\u00e9 vainqueur.<\/p>\n","protected":false},"featured_media":0,"template":"","meta":{"content-type":"","_monsterinsights_skip_tracking":false,"_monsterinsights_sitenote_active":false,"_monsterinsights_sitenote_note":"","_monsterinsights_sitenote_category":0},"product_brand":[],"product_cat":[1858],"product_tag":[373,1246],"brand":[],"target-group":[],"discontinued":[],"class_list":{"0":"post-196493","1":"product","2":"type-product","3":"status-publish","5":"product_cat-jeux-de-societe-enfants","6":"product_tag-calcul","7":"product_tag-strategie-fr","9":"first","10":"instock","11":"taxable","12":"shipping-taxable","13":"product-type-simple"},"aioseo_notices":[],"_links":{"self":[{"href":"https:\/\/games.tactic.net\/fr\/wp-json\/wp\/v2\/product\/196493","targetHints":{"allow":["GET"]}}],"collection":[{"href":"https:\/\/games.tactic.net\/fr\/wp-json\/wp\/v2\/product"}],"about":[{"href":"https:\/\/games.tactic.net\/fr\/wp-json\/wp\/v2\/types\/product"}],"wp:attachment":[{"href":"https:\/\/games.tactic.net\/fr\/wp-json\/wp\/v2\/media?parent=196493"}],"wp:term":[{"taxonomy":"product_brand","embeddable":true,"href":"https:\/\/games.tactic.net\/fr\/wp-json\/wp\/v2\/product_brand?post=196493"},{"taxonomy":"product_cat","embeddable":true,"href":"https:\/\/games.tactic.net\/fr\/wp-json\/wp\/v2\/product_cat?post=196493"},{"taxonomy":"product_tag","embeddable":true,"href":"https:\/\/games.tactic.net\/fr\/wp-json\/wp\/v2\/product_tag?post=196493"},{"taxonomy":"brand","embeddable":true,"href":"https:\/\/games.tactic.net\/fr\/wp-json\/wp\/v2\/brand?post=196493"},{"taxonomy":"target-group","embeddable":true,"href":"https:\/\/games.tactic.net\/fr\/wp-json\/wp\/v2\/target-group?post=196493"},{"taxonomy":"discontinued","embeddable":true,"href":"https:\/\/games.tactic.net\/fr\/wp-json\/wp\/v2\/discontinued?post=196493"}],"curies":[{"name":"wp","href":"https:\/\/api.w.org\/{rel}","templated":true}]}}