{"id":196401,"date":"2021-10-01T11:25:38","date_gmt":"2021-10-01T08:25:38","guid":{"rendered":"http:\/\/dev.tactic.net\/tuote\/cache-cache-a-la-ferme\/"},"modified":"2024-09-26T12:14:56","modified_gmt":"2024-09-26T09:14:56","slug":"cache-cache-a-la-ferme","status":"archive","type":"product","link":"https:\/\/games.tactic.net\/fr\/tuote\/cache-cache-a-la-ferme\/","title":{"rendered":"Cache-cache \u00e0 la Ferme"},"content":{"rendered":"<p>Bienvenue \u00e0 la campagne ! Il y a bien des fa\u00e7ons de<br \/>\ns\u2019amuser \u00e0 la ferme \u2013 aujourd\u2019hui, les animaux ont<br \/>\nd\u00e9cid\u00e9 de jouer \u00e0 cache-cache. Les cartes t\u2019indiquent<br \/>\nquels sont les deux animaux que tu dois trouver, et<br \/>\nle joueur qui trouve ses animaux en premier re\u00e7oit<br \/>\nune r\u00e9compense. Le plateau se compose de grosses<br \/>\npi\u00e8ces de puzzle, ainsi, chaque partie sera<br \/>\ndiff\u00e9rente ! De plus, les joueurs peuvent choisir entre<br \/>\ndeux versions du jeu : une facile, et une qui les met<br \/>\nau d\u00e9fi !<\/p>\n","protected":false},"excerpt":{"rendered":"<p>Bienvenue \u00e0 la campagne ! Il y a bien des fa\u00e7ons de s\u2019amuser \u00e0 la ferme \u2013 aujourd\u2019hui, les animaux ont d\u00e9cid\u00e9 de jouer \u00e0 cache-cache. Les cartes t\u2019indiquent quels sont les deux animaux que tu dois trouver, et le joueur qui trouve ses animaux en premier re\u00e7oit une r\u00e9compense. Le plateau se compose de [&hellip;]<\/p>\n","protected":false},"featured_media":0,"template":"","meta":{"content-type":"","_monsterinsights_skip_tracking":false,"_monsterinsights_sitenote_active":false,"_monsterinsights_sitenote_note":"","_monsterinsights_sitenote_category":0},"product_brand":[],"product_cat":[1858],"product_tag":[302,1236,325],"brand":[],"target-group":[],"discontinued":[],"class_list":{"0":"post-196401","1":"product","2":"type-product","3":"status-archive","5":"product_cat-jeux-de-societe-enfants","6":"product_tag-action","7":"product_tag-combiner-fr","8":"product_tag-vitesse","10":"first","11":"outofstock","12":"taxable","13":"shipping-taxable","14":"product-type-simple"},"aioseo_notices":[],"_links":{"self":[{"href":"https:\/\/games.tactic.net\/fr\/wp-json\/wp\/v2\/product\/196401","targetHints":{"allow":["GET"]}}],"collection":[{"href":"https:\/\/games.tactic.net\/fr\/wp-json\/wp\/v2\/product"}],"about":[{"href":"https:\/\/games.tactic.net\/fr\/wp-json\/wp\/v2\/types\/product"}],"wp:attachment":[{"href":"https:\/\/games.tactic.net\/fr\/wp-json\/wp\/v2\/media?parent=196401"}],"wp:term":[{"taxonomy":"product_brand","embeddable":true,"href":"https:\/\/games.tactic.net\/fr\/wp-json\/wp\/v2\/product_brand?post=196401"},{"taxonomy":"product_cat","embeddable":true,"href":"https:\/\/games.tactic.net\/fr\/wp-json\/wp\/v2\/product_cat?post=196401"},{"taxonomy":"product_tag","embeddable":true,"href":"https:\/\/games.tactic.net\/fr\/wp-json\/wp\/v2\/product_tag?post=196401"},{"taxonomy":"brand","embeddable":true,"href":"https:\/\/games.tactic.net\/fr\/wp-json\/wp\/v2\/brand?post=196401"},{"taxonomy":"target-group","embeddable":true,"href":"https:\/\/games.tactic.net\/fr\/wp-json\/wp\/v2\/target-group?post=196401"},{"taxonomy":"discontinued","embeddable":true,"href":"https:\/\/games.tactic.net\/fr\/wp-json\/wp\/v2\/discontinued?post=196401"}],"curies":[{"name":"wp","href":"https:\/\/api.w.org\/{rel}","templated":true}]}}