{"id":1370654,"date":"2026-04-24T13:40:16","date_gmt":"2026-04-24T10:40:16","guid":{"rendered":"https:\/\/games.tactic.net\/tuote\/heros-soft-neutrals-blocs-de-construction-en-bois-60-pcs\/"},"modified":"2026-04-24T13:40:16","modified_gmt":"2026-04-24T10:40:16","slug":"heros-soft-neutrals-blocs-de-construction-en-bois-60-pcs","status":"publish","type":"product","link":"https:\/\/games.tactic.net\/fr\/tuote\/heros-soft-neutrals-blocs-de-construction-en-bois-60-pcs\/","title":{"rendered":"Heros Soft Neutrals Blocs de construction en bois 60 pcs"},"content":{"rendered":"<p>De magnifiques blocs en bois naturels aux tons doux pour un jeu imaginatif d\u00e8s 1 an. Bois 100 % certifi\u00e9 FSC\u00ae \u2013 durable et de haute qualit\u00e9. Fabriqu\u00e9 en Allemagne. Pr\u00e9sent\u00e9s dans une bo\u00eete de rangement premium.<\/p>\n","protected":false},"excerpt":{"rendered":"<p>De beaux blocs en bois aux tons doux pour un jeu plein d\u2019imagination.<\/p>\n","protected":false},"featured_media":0,"template":"","meta":{"content-type":"","_monsterinsights_skip_tracking":false,"_monsterinsights_sitenote_active":false,"_monsterinsights_sitenote_note":"","_monsterinsights_sitenote_category":0},"product_brand":[],"product_cat":[2347],"product_tag":[],"brand":[{"id":2381,"name":"Heros","slug":"heros"}],"target-group":[],"discontinued":[],"class_list":{"0":"post-1370654","1":"product","2":"type-product","3":"status-publish","5":"product_cat-heros-wooden-toys","6":"brand-heros","8":"first","9":"instock","10":"taxable","11":"shipping-taxable","12":"product-type-simple"},"aioseo_notices":[],"_links":{"self":[{"href":"https:\/\/games.tactic.net\/fr\/wp-json\/wp\/v2\/product\/1370654","targetHints":{"allow":["GET"]}}],"collection":[{"href":"https:\/\/games.tactic.net\/fr\/wp-json\/wp\/v2\/product"}],"about":[{"href":"https:\/\/games.tactic.net\/fr\/wp-json\/wp\/v2\/types\/product"}],"wp:attachment":[{"href":"https:\/\/games.tactic.net\/fr\/wp-json\/wp\/v2\/media?parent=1370654"}],"wp:term":[{"taxonomy":"product_brand","embeddable":true,"href":"https:\/\/games.tactic.net\/fr\/wp-json\/wp\/v2\/product_brand?post=1370654"},{"taxonomy":"product_cat","embeddable":true,"href":"https:\/\/games.tactic.net\/fr\/wp-json\/wp\/v2\/product_cat?post=1370654"},{"taxonomy":"product_tag","embeddable":true,"href":"https:\/\/games.tactic.net\/fr\/wp-json\/wp\/v2\/product_tag?post=1370654"},{"taxonomy":"brand","embeddable":true,"href":"https:\/\/games.tactic.net\/fr\/wp-json\/wp\/v2\/brand?post=1370654"},{"taxonomy":"target-group","embeddable":true,"href":"https:\/\/games.tactic.net\/fr\/wp-json\/wp\/v2\/target-group?post=1370654"},{"taxonomy":"discontinued","embeddable":true,"href":"https:\/\/games.tactic.net\/fr\/wp-json\/wp\/v2\/discontinued?post=1370654"}],"curies":[{"name":"wp","href":"https:\/\/api.w.org\/{rel}","templated":true}]}}