{"id":1370652,"date":"2026-04-24T13:40:04","date_gmt":"2026-04-24T10:40:04","guid":{"rendered":"https:\/\/games.tactic.net\/tuote\/heros-constructor-vehicules-vario-70-pcs\/"},"modified":"2026-04-24T13:40:04","modified_gmt":"2026-04-24T10:40:04","slug":"heros-constructor-vehicules-vario-70-pcs","status":"publish","type":"product","link":"https:\/\/games.tactic.net\/fr\/tuote\/heros-constructor-vehicules-vario-70-pcs\/","title":{"rendered":"Heros Constructor V\u00e9hicules Vario 70 pcs"},"content":{"rendered":"<p>Un plaisir de construction polyvalent ! Ce set Heros Constructor de 70 pi\u00e8ces permet aux enfants de cr\u00e9er quatre mod\u00e8les diff\u00e9rents \u2013 camion-grue, h\u00e9licopt\u00e8re, avion et tricycle. D\u00e9veloppe la cr\u00e9ativit\u00e9 : les enfants peuvent suivre les instructions ou inventer leurs propres constructions. S\u00fbr et durable : fabriqu\u00e9 en bois de h\u00eatre 100 % certifi\u00e9 FSC\u00ae et en plastique robuste. Favorise le d\u00e9veloppement : stimule la motricit\u00e9 fine et la perception spatiale d\u00e8s 3 ans.<\/p>\n","protected":false},"excerpt":{"rendered":"<p>Construis 4 mod\u00e8les diff\u00e9rents en suivant les guides \u2013 ou laisse libre cours \u00e0 ton imagination !<\/p>\n","protected":false},"featured_media":0,"template":"","meta":{"content-type":"","_monsterinsights_skip_tracking":false,"_monsterinsights_sitenote_active":false,"_monsterinsights_sitenote_note":"","_monsterinsights_sitenote_category":0},"product_brand":[],"product_cat":[2347],"product_tag":[],"brand":[{"id":2381,"name":"Heros","slug":"heros"}],"target-group":[],"discontinued":[],"class_list":{"0":"post-1370652","1":"product","2":"type-product","3":"status-publish","5":"product_cat-heros-wooden-toys","6":"brand-heros","8":"first","9":"instock","10":"taxable","11":"shipping-taxable","12":"product-type-simple"},"aioseo_notices":[],"_links":{"self":[{"href":"https:\/\/games.tactic.net\/fr\/wp-json\/wp\/v2\/product\/1370652","targetHints":{"allow":["GET"]}}],"collection":[{"href":"https:\/\/games.tactic.net\/fr\/wp-json\/wp\/v2\/product"}],"about":[{"href":"https:\/\/games.tactic.net\/fr\/wp-json\/wp\/v2\/types\/product"}],"wp:attachment":[{"href":"https:\/\/games.tactic.net\/fr\/wp-json\/wp\/v2\/media?parent=1370652"}],"wp:term":[{"taxonomy":"product_brand","embeddable":true,"href":"https:\/\/games.tactic.net\/fr\/wp-json\/wp\/v2\/product_brand?post=1370652"},{"taxonomy":"product_cat","embeddable":true,"href":"https:\/\/games.tactic.net\/fr\/wp-json\/wp\/v2\/product_cat?post=1370652"},{"taxonomy":"product_tag","embeddable":true,"href":"https:\/\/games.tactic.net\/fr\/wp-json\/wp\/v2\/product_tag?post=1370652"},{"taxonomy":"brand","embeddable":true,"href":"https:\/\/games.tactic.net\/fr\/wp-json\/wp\/v2\/brand?post=1370652"},{"taxonomy":"target-group","embeddable":true,"href":"https:\/\/games.tactic.net\/fr\/wp-json\/wp\/v2\/target-group?post=1370652"},{"taxonomy":"discontinued","embeddable":true,"href":"https:\/\/games.tactic.net\/fr\/wp-json\/wp\/v2\/discontinued?post=1370652"}],"curies":[{"name":"wp","href":"https:\/\/api.w.org\/{rel}","templated":true}]}}