{"id":1370501,"date":"2026-04-17T16:09:11","date_gmt":"2026-04-17T13:09:11","guid":{"rendered":"https:\/\/games.tactic.net\/tuote\/1000-pcs-puzzle-locks-and-keys\/"},"modified":"2026-04-17T16:09:11","modified_gmt":"2026-04-17T13:09:11","slug":"1000-pcs-puzzle-locks-and-keys","status":"publish","type":"product","link":"https:\/\/games.tactic.net\/fr\/tuote\/1000-pcs-puzzle-locks-and-keys\/","title":{"rendered":"1000 pcs puzzle: Locks and Keys"},"content":{"rendered":"<p>D\u00e9couvrez un monde de d\u00e9tails et de savoir-faire. Ce puzzle de 1000 pi\u00e8ces offre un d\u00e9fi gratifiant pour les amateurs de puzzles qui appr\u00e9cient l\u2019histoire et le design intemporel. Parfait pour des sessions de puzzle paisibles et \u00e9l\u00e9gant \u00e0 exposer une fois termin\u00e9.<\/p>\n","protected":false},"excerpt":{"rendered":"<p>D\u00e9couvrez un monde de d\u00e9tails et de savoir-faire. Ce puzzle de 1000 pi\u00e8ces offre un d\u00e9fi gratifiant pour les amateurs de puzzles qui appr\u00e9cient l\u2019histoire et le design intemporel. Parfait pour des sessions de puzzle paisibles et \u00e9l\u00e9gant \u00e0 exposer une fois termin\u00e9.<\/p>\n","protected":false},"featured_media":0,"template":"","meta":{"content-type":"","_monsterinsights_skip_tracking":false,"_monsterinsights_sitenote_active":false,"_monsterinsights_sitenote_note":"","_monsterinsights_sitenote_category":0},"product_brand":[],"product_cat":[1516],"product_tag":[],"brand":[],"target-group":[],"discontinued":[],"class_list":{"0":"post-1370501","1":"product","2":"type-product","3":"status-publish","5":"product_cat-1000-pieces-puzzles-2","7":"first","8":"instock","9":"taxable","10":"shipping-taxable","11":"product-type-simple"},"aioseo_notices":[],"_links":{"self":[{"href":"https:\/\/games.tactic.net\/fr\/wp-json\/wp\/v2\/product\/1370501","targetHints":{"allow":["GET"]}}],"collection":[{"href":"https:\/\/games.tactic.net\/fr\/wp-json\/wp\/v2\/product"}],"about":[{"href":"https:\/\/games.tactic.net\/fr\/wp-json\/wp\/v2\/types\/product"}],"wp:attachment":[{"href":"https:\/\/games.tactic.net\/fr\/wp-json\/wp\/v2\/media?parent=1370501"}],"wp:term":[{"taxonomy":"product_brand","embeddable":true,"href":"https:\/\/games.tactic.net\/fr\/wp-json\/wp\/v2\/product_brand?post=1370501"},{"taxonomy":"product_cat","embeddable":true,"href":"https:\/\/games.tactic.net\/fr\/wp-json\/wp\/v2\/product_cat?post=1370501"},{"taxonomy":"product_tag","embeddable":true,"href":"https:\/\/games.tactic.net\/fr\/wp-json\/wp\/v2\/product_tag?post=1370501"},{"taxonomy":"brand","embeddable":true,"href":"https:\/\/games.tactic.net\/fr\/wp-json\/wp\/v2\/brand?post=1370501"},{"taxonomy":"target-group","embeddable":true,"href":"https:\/\/games.tactic.net\/fr\/wp-json\/wp\/v2\/target-group?post=1370501"},{"taxonomy":"discontinued","embeddable":true,"href":"https:\/\/games.tactic.net\/fr\/wp-json\/wp\/v2\/discontinued?post=1370501"}],"curies":[{"name":"wp","href":"https:\/\/api.w.org\/{rel}","templated":true}]}}