{"id":1370496,"date":"2026-04-17T16:08:31","date_gmt":"2026-04-17T13:08:31","guid":{"rendered":"https:\/\/games.tactic.net\/tuote\/act-it-out\/"},"modified":"2026-04-17T16:08:31","modified_gmt":"2026-04-17T13:08:31","slug":"act-it-out","status":"publish","type":"product","link":"https:\/\/games.tactic.net\/fr\/tuote\/act-it-out\/","title":{"rendered":"Act it Out!"},"content":{"rendered":"<p>Un jeu de charades hilarant pour toute la famille ! \u00cates-vous un vampire qui se brosse les dents ou bien une grenouille qui pr\u00e9pare le d\u00eener ? Dans ce jeu d\u00e9sopilant, vous allez devoir mimer des combinaisons amusantes et farfelues pendant que tout le monde essaiera de deviner ce que vous \u00eates en train de faire ! Lancez les d\u00e9s pour savoir qui vous \u00eates et ce que vous faites. Mimez-le en utilisant des gestes et des expressions, mais surtout pas de mots ! Si quelqu\u2019un devine ce que vous faites, tous les deux vous avancerez sur le plateau. Atteignez la ligne d\u2019arriv\u00e9e en premier pour remporter la partie !<\/p>\n","protected":false},"excerpt":{"rendered":"<p>Un jeu de charades hilarant pour toute la famille ! \u00cates-vous un vampire qui se brosse les dents ou bien une grenouille qui pr\u00e9pare le d\u00eener ? Dans ce jeu d\u00e9sopilant, vous allez devoir mimer des combinaisons amusantes et farfelues pendant que tout le monde essaiera de deviner ce que vous \u00eates en train de [&hellip;]<\/p>\n","protected":false},"featured_media":0,"template":"","meta":{"content-type":"","_monsterinsights_skip_tracking":false,"_monsterinsights_sitenote_active":false,"_monsterinsights_sitenote_note":"","_monsterinsights_sitenote_category":0},"product_brand":[],"product_cat":[1886],"product_tag":[],"brand":[],"target-group":[],"discontinued":[],"class_list":{"0":"post-1370496","1":"product","2":"type-product","3":"status-publish","5":"product_cat-jeux-dambiance","7":"first","8":"instock","9":"taxable","10":"shipping-taxable","11":"product-type-simple"},"aioseo_notices":[],"_links":{"self":[{"href":"https:\/\/games.tactic.net\/fr\/wp-json\/wp\/v2\/product\/1370496","targetHints":{"allow":["GET"]}}],"collection":[{"href":"https:\/\/games.tactic.net\/fr\/wp-json\/wp\/v2\/product"}],"about":[{"href":"https:\/\/games.tactic.net\/fr\/wp-json\/wp\/v2\/types\/product"}],"wp:attachment":[{"href":"https:\/\/games.tactic.net\/fr\/wp-json\/wp\/v2\/media?parent=1370496"}],"wp:term":[{"taxonomy":"product_brand","embeddable":true,"href":"https:\/\/games.tactic.net\/fr\/wp-json\/wp\/v2\/product_brand?post=1370496"},{"taxonomy":"product_cat","embeddable":true,"href":"https:\/\/games.tactic.net\/fr\/wp-json\/wp\/v2\/product_cat?post=1370496"},{"taxonomy":"product_tag","embeddable":true,"href":"https:\/\/games.tactic.net\/fr\/wp-json\/wp\/v2\/product_tag?post=1370496"},{"taxonomy":"brand","embeddable":true,"href":"https:\/\/games.tactic.net\/fr\/wp-json\/wp\/v2\/brand?post=1370496"},{"taxonomy":"target-group","embeddable":true,"href":"https:\/\/games.tactic.net\/fr\/wp-json\/wp\/v2\/target-group?post=1370496"},{"taxonomy":"discontinued","embeddable":true,"href":"https:\/\/games.tactic.net\/fr\/wp-json\/wp\/v2\/discontinued?post=1370496"}],"curies":[{"name":"wp","href":"https:\/\/api.w.org\/{rel}","templated":true}]}}