{"id":1370237,"date":"2026-04-09T11:44:02","date_gmt":"2026-04-09T08:44:02","guid":{"rendered":"https:\/\/games.tactic.net\/tuote\/plasto-wheelbarrow-set-soft-neutrals\/"},"modified":"2026-04-09T11:44:02","modified_gmt":"2026-04-09T08:44:02","slug":"plasto-wheelbarrow-set-soft-neutrals","status":"publish","type":"product","link":"https:\/\/games.tactic.net\/fr\/tuote\/plasto-wheelbarrow-set-soft-neutrals\/","title":{"rendered":"PLASTO Wheelbarrow Set Soft Neutrals"},"content":{"rendered":"<p>\u00c9dition sp\u00e9ciale &#8211; Soft Neutrals ! Couleurs douces et apaisantes dans des tons naturels. Pour le jardin ! Le set brouette Plasto de haute qualit\u00e9 comprend une brouette, un seau, une pelle et trois moules \u00e0 sable. Longueur de la brouette 56 cm. Hauteur 25 cm. Volume du seau 1,4 L. Longueur de la pelle 25 cm. \u00c2ge recommand\u00e9 1+. Fabriqu\u00e9 en Finlande.<\/p>\n","protected":false},"excerpt":{"rendered":"<p>Un set de brouette de haute qualit\u00e9 dans des couleurs douces et apaisantes.<\/p>\n","protected":false},"featured_media":0,"template":"","meta":{"content-type":"","_monsterinsights_skip_tracking":false,"_monsterinsights_sitenote_active":false,"_monsterinsights_sitenote_note":"","_monsterinsights_sitenote_category":0},"product_brand":[],"product_cat":[2372],"product_tag":[],"brand":[],"target-group":[],"discontinued":[],"class_list":{"0":"post-1370237","1":"product","2":"type-product","3":"status-publish","5":"product_cat-plasto","7":"first","8":"instock","9":"taxable","10":"shipping-taxable","11":"product-type-simple"},"aioseo_notices":[],"_links":{"self":[{"href":"https:\/\/games.tactic.net\/fr\/wp-json\/wp\/v2\/product\/1370237","targetHints":{"allow":["GET"]}}],"collection":[{"href":"https:\/\/games.tactic.net\/fr\/wp-json\/wp\/v2\/product"}],"about":[{"href":"https:\/\/games.tactic.net\/fr\/wp-json\/wp\/v2\/types\/product"}],"wp:attachment":[{"href":"https:\/\/games.tactic.net\/fr\/wp-json\/wp\/v2\/media?parent=1370237"}],"wp:term":[{"taxonomy":"product_brand","embeddable":true,"href":"https:\/\/games.tactic.net\/fr\/wp-json\/wp\/v2\/product_brand?post=1370237"},{"taxonomy":"product_cat","embeddable":true,"href":"https:\/\/games.tactic.net\/fr\/wp-json\/wp\/v2\/product_cat?post=1370237"},{"taxonomy":"product_tag","embeddable":true,"href":"https:\/\/games.tactic.net\/fr\/wp-json\/wp\/v2\/product_tag?post=1370237"},{"taxonomy":"brand","embeddable":true,"href":"https:\/\/games.tactic.net\/fr\/wp-json\/wp\/v2\/brand?post=1370237"},{"taxonomy":"target-group","embeddable":true,"href":"https:\/\/games.tactic.net\/fr\/wp-json\/wp\/v2\/target-group?post=1370237"},{"taxonomy":"discontinued","embeddable":true,"href":"https:\/\/games.tactic.net\/fr\/wp-json\/wp\/v2\/discontinued?post=1370237"}],"curies":[{"name":"wp","href":"https:\/\/api.w.org\/{rel}","templated":true}]}}