{"id":1370236,"date":"2026-04-09T11:43:49","date_gmt":"2026-04-09T08:43:49","guid":{"rendered":"https:\/\/games.tactic.net\/tuote\/plasto-sand-set-bioplastic-im-green\/"},"modified":"2026-04-09T11:43:49","modified_gmt":"2026-04-09T08:43:49","slug":"plasto-sand-set-bioplastic-im-green","status":"publish","type":"product","link":"https:\/\/games.tactic.net\/fr\/tuote\/plasto-sand-set-bioplastic-im-green\/","title":{"rendered":"PLASTO Sand Set Bioplastic I\u00b4m Green"},"content":{"rendered":"<p>Un choix durable ! Set Plasto de haute qualit\u00e9 comprenant 6 pi\u00e8ces en bioplastique : un seau avec bec verseur, une pelle, un r\u00e2teau et trois moules \u00e0 sable. Volume du seau 1,4 L. Longueur de la pelle 25 cm. Longueur du r\u00e2teau 22 cm. Bioplastique. Le plastique de ce jouet est fabriqu\u00e9 \u00e0 partir de canne \u00e0 sucre, une ressource 100 % renouvelable. \u00c2ge recommand\u00e9 1+. Fabriqu\u00e9 en Finlande.<\/p>\n","protected":false},"excerpt":{"rendered":"<p>Un set Plasto de haute qualit\u00e9 en bioplastique.<\/p>\n","protected":false},"featured_media":0,"template":"","meta":{"content-type":"","_monsterinsights_skip_tracking":false,"_monsterinsights_sitenote_active":false,"_monsterinsights_sitenote_note":"","_monsterinsights_sitenote_category":0},"product_brand":[],"product_cat":[2372],"product_tag":[],"brand":[],"target-group":[],"discontinued":[],"class_list":{"0":"post-1370236","1":"product","2":"type-product","3":"status-publish","5":"product_cat-plasto","7":"first","8":"instock","9":"taxable","10":"shipping-taxable","11":"product-type-simple"},"aioseo_notices":[],"_links":{"self":[{"href":"https:\/\/games.tactic.net\/fr\/wp-json\/wp\/v2\/product\/1370236","targetHints":{"allow":["GET"]}}],"collection":[{"href":"https:\/\/games.tactic.net\/fr\/wp-json\/wp\/v2\/product"}],"about":[{"href":"https:\/\/games.tactic.net\/fr\/wp-json\/wp\/v2\/types\/product"}],"wp:attachment":[{"href":"https:\/\/games.tactic.net\/fr\/wp-json\/wp\/v2\/media?parent=1370236"}],"wp:term":[{"taxonomy":"product_brand","embeddable":true,"href":"https:\/\/games.tactic.net\/fr\/wp-json\/wp\/v2\/product_brand?post=1370236"},{"taxonomy":"product_cat","embeddable":true,"href":"https:\/\/games.tactic.net\/fr\/wp-json\/wp\/v2\/product_cat?post=1370236"},{"taxonomy":"product_tag","embeddable":true,"href":"https:\/\/games.tactic.net\/fr\/wp-json\/wp\/v2\/product_tag?post=1370236"},{"taxonomy":"brand","embeddable":true,"href":"https:\/\/games.tactic.net\/fr\/wp-json\/wp\/v2\/brand?post=1370236"},{"taxonomy":"target-group","embeddable":true,"href":"https:\/\/games.tactic.net\/fr\/wp-json\/wp\/v2\/target-group?post=1370236"},{"taxonomy":"discontinued","embeddable":true,"href":"https:\/\/games.tactic.net\/fr\/wp-json\/wp\/v2\/discontinued?post=1370236"}],"curies":[{"name":"wp","href":"https:\/\/api.w.org\/{rel}","templated":true}]}}