{"id":1370234,"date":"2026-04-09T11:43:23","date_gmt":"2026-04-09T08:43:23","guid":{"rendered":"https:\/\/games.tactic.net\/tuote\/plasto-toddler-off-road-soft-neutrals\/"},"modified":"2026-04-09T11:43:23","modified_gmt":"2026-04-09T08:43:23","slug":"plasto-toddler-off-road-soft-neutrals","status":"publish","type":"product","link":"https:\/\/games.tactic.net\/fr\/tuote\/plasto-toddler-off-road-soft-neutrals\/","title":{"rendered":"PLASTO Toddler Off Road Soft Neutrals"},"content":{"rendered":"<p>\u00c9dition sp\u00e9ciale &#8211; Soft Neutrals ! Couleurs douces et apaisantes dans des tons naturels. V\u00e9hicule tout-terrain Plasto pour tout-petits avec roues silencieuses et espace de rangement sous le si\u00e8ge. Hauteur du sol \u00e0 l\u2019assise 22 cm. Comprend une grande s\u00e9lection d\u2019autocollants \u2013 cr\u00e9e ton propre design ! \u00c2ge recommand\u00e9 1+. Fabriqu\u00e9 en Finlande.<\/p>\n","protected":false},"excerpt":{"rendered":"<p>Un v\u00e9hicule porteur dans des couleurs douces et apaisantes.<\/p>\n","protected":false},"featured_media":0,"template":"","meta":{"content-type":"","_monsterinsights_skip_tracking":false,"_monsterinsights_sitenote_active":false,"_monsterinsights_sitenote_note":"","_monsterinsights_sitenote_category":0},"product_brand":[],"product_cat":[2372],"product_tag":[],"brand":[],"target-group":[],"discontinued":[],"class_list":{"0":"post-1370234","1":"product","2":"type-product","3":"status-publish","5":"product_cat-plasto","7":"first","8":"instock","9":"taxable","10":"shipping-taxable","11":"product-type-simple"},"aioseo_notices":[],"_links":{"self":[{"href":"https:\/\/games.tactic.net\/fr\/wp-json\/wp\/v2\/product\/1370234","targetHints":{"allow":["GET"]}}],"collection":[{"href":"https:\/\/games.tactic.net\/fr\/wp-json\/wp\/v2\/product"}],"about":[{"href":"https:\/\/games.tactic.net\/fr\/wp-json\/wp\/v2\/types\/product"}],"wp:attachment":[{"href":"https:\/\/games.tactic.net\/fr\/wp-json\/wp\/v2\/media?parent=1370234"}],"wp:term":[{"taxonomy":"product_brand","embeddable":true,"href":"https:\/\/games.tactic.net\/fr\/wp-json\/wp\/v2\/product_brand?post=1370234"},{"taxonomy":"product_cat","embeddable":true,"href":"https:\/\/games.tactic.net\/fr\/wp-json\/wp\/v2\/product_cat?post=1370234"},{"taxonomy":"product_tag","embeddable":true,"href":"https:\/\/games.tactic.net\/fr\/wp-json\/wp\/v2\/product_tag?post=1370234"},{"taxonomy":"brand","embeddable":true,"href":"https:\/\/games.tactic.net\/fr\/wp-json\/wp\/v2\/brand?post=1370234"},{"taxonomy":"target-group","embeddable":true,"href":"https:\/\/games.tactic.net\/fr\/wp-json\/wp\/v2\/target-group?post=1370234"},{"taxonomy":"discontinued","embeddable":true,"href":"https:\/\/games.tactic.net\/fr\/wp-json\/wp\/v2\/discontinued?post=1370234"}],"curies":[{"name":"wp","href":"https:\/\/api.w.org\/{rel}","templated":true}]}}