{"id":1370231,"date":"2026-04-09T11:42:40","date_gmt":"2026-04-09T08:42:40","guid":{"rendered":"https:\/\/games.tactic.net\/tuote\/mish-match\/"},"modified":"2026-04-09T11:42:40","modified_gmt":"2026-04-09T08:42:40","slug":"mish-match","status":"publish","type":"product","link":"https:\/\/games.tactic.net\/fr\/tuote\/mish-match\/","title":{"rendered":"Mish Match"},"content":{"rendered":"<p>Un jeu trompeusement simple mais infiniment amusant, peupl\u00e9 de spermophiles verts, de flamants festifs, de pandas violets en rollers, de ch\u00e8vres gourmandes d\u00e9vorant des biscuits et de pingouins amoureux. Dans ce jeu d\u2019association rapide, hilarant et plein de virelangues, les joueurs doivent \u00eatre les premiers \u00e0 rep\u00e9rer une correspondance. Plus \u00e7a correspond, plus \u00e7a devient d\u00e9lirant !<\/p>\n","protected":false},"excerpt":{"rendered":"<p>Un jeu d\u2019association rapide et hilarant. Soyez le premier \u00e0 rep\u00e9rer une correspondance !<\/p>\n","protected":false},"featured_media":0,"template":"","meta":{"content-type":"","_monsterinsights_skip_tracking":false,"_monsterinsights_sitenote_active":false,"_monsterinsights_sitenote_note":"","_monsterinsights_sitenote_category":0},"product_brand":[],"product_cat":[1908],"product_tag":[1031,348],"brand":[],"target-group":[],"discontinued":[],"class_list":{"0":"post-1370231","1":"product","2":"type-product","3":"status-publish","5":"product_cat-jeux-de-cartes-et-de-des-jeux-famille","6":"product_tag-chance","7":"product_tag-combiner","9":"first","10":"instock","11":"taxable","12":"shipping-taxable","13":"product-type-simple"},"aioseo_notices":[],"_links":{"self":[{"href":"https:\/\/games.tactic.net\/fr\/wp-json\/wp\/v2\/product\/1370231","targetHints":{"allow":["GET"]}}],"collection":[{"href":"https:\/\/games.tactic.net\/fr\/wp-json\/wp\/v2\/product"}],"about":[{"href":"https:\/\/games.tactic.net\/fr\/wp-json\/wp\/v2\/types\/product"}],"wp:attachment":[{"href":"https:\/\/games.tactic.net\/fr\/wp-json\/wp\/v2\/media?parent=1370231"}],"wp:term":[{"taxonomy":"product_brand","embeddable":true,"href":"https:\/\/games.tactic.net\/fr\/wp-json\/wp\/v2\/product_brand?post=1370231"},{"taxonomy":"product_cat","embeddable":true,"href":"https:\/\/games.tactic.net\/fr\/wp-json\/wp\/v2\/product_cat?post=1370231"},{"taxonomy":"product_tag","embeddable":true,"href":"https:\/\/games.tactic.net\/fr\/wp-json\/wp\/v2\/product_tag?post=1370231"},{"taxonomy":"brand","embeddable":true,"href":"https:\/\/games.tactic.net\/fr\/wp-json\/wp\/v2\/brand?post=1370231"},{"taxonomy":"target-group","embeddable":true,"href":"https:\/\/games.tactic.net\/fr\/wp-json\/wp\/v2\/target-group?post=1370231"},{"taxonomy":"discontinued","embeddable":true,"href":"https:\/\/games.tactic.net\/fr\/wp-json\/wp\/v2\/discontinued?post=1370231"}],"curies":[{"name":"wp","href":"https:\/\/api.w.org\/{rel}","templated":true}]}}