{"id":1370230,"date":"2026-04-09T11:42:26","date_gmt":"2026-04-09T08:42:26","guid":{"rendered":"https:\/\/games.tactic.net\/tuote\/egg-or-chicken\/"},"modified":"2026-04-09T11:42:26","modified_gmt":"2026-04-09T08:42:26","slug":"egg-or-chicken","status":"publish","type":"product","link":"https:\/\/games.tactic.net\/fr\/tuote\/egg-or-chicken\/","title":{"rendered":"Egg or Chicken"},"content":{"rendered":"<p>Egg or Chicken est un jeu d\u2019ench\u00e8res dans lequel les joueurs doivent deviner combien d\u2019\u0153ufs ou de poules apparaissent sur les cartes du tour. Pensez-vous qu\u2019il y a plus d\u2019\u0153ufs ? Ou peut-\u00eatre des poules ? Attention aux renards qui retirent une poule de chaque carte ! Ou bien y a-t-il des po\u00eales ? Elles retirent un \u0153uf de chaque carte ! Essayez de collecter autant de cartes que possible en faisant de meilleures estimations que les autres joueurs. \u00c0 la fin, le joueur qui poss\u00e8de le plus de cartes gagne !<\/p>\n","protected":false},"excerpt":{"rendered":"<p>Devinez combien d\u2019\u0153ufs ou de poules apparaissent sur les cartes du tour. Pensez-vous qu\u2019il y a plus d\u2019\u0153ufs ? Ou peut-\u00eatre des poules ? Attention aux renards et aux po\u00eales !<\/p>\n","protected":false},"featured_media":0,"template":"","meta":{"content-type":"","_monsterinsights_skip_tracking":false,"_monsterinsights_sitenote_active":false,"_monsterinsights_sitenote_note":"","_monsterinsights_sitenote_category":0},"product_brand":[],"product_cat":[1908],"product_tag":[1031,348],"brand":[],"target-group":[],"discontinued":[],"class_list":{"0":"post-1370230","1":"product","2":"type-product","3":"status-publish","5":"product_cat-jeux-de-cartes-et-de-des-jeux-famille","6":"product_tag-chance","7":"product_tag-combiner","9":"first","10":"instock","11":"taxable","12":"shipping-taxable","13":"product-type-simple"},"aioseo_notices":[],"_links":{"self":[{"href":"https:\/\/games.tactic.net\/fr\/wp-json\/wp\/v2\/product\/1370230","targetHints":{"allow":["GET"]}}],"collection":[{"href":"https:\/\/games.tactic.net\/fr\/wp-json\/wp\/v2\/product"}],"about":[{"href":"https:\/\/games.tactic.net\/fr\/wp-json\/wp\/v2\/types\/product"}],"wp:attachment":[{"href":"https:\/\/games.tactic.net\/fr\/wp-json\/wp\/v2\/media?parent=1370230"}],"wp:term":[{"taxonomy":"product_brand","embeddable":true,"href":"https:\/\/games.tactic.net\/fr\/wp-json\/wp\/v2\/product_brand?post=1370230"},{"taxonomy":"product_cat","embeddable":true,"href":"https:\/\/games.tactic.net\/fr\/wp-json\/wp\/v2\/product_cat?post=1370230"},{"taxonomy":"product_tag","embeddable":true,"href":"https:\/\/games.tactic.net\/fr\/wp-json\/wp\/v2\/product_tag?post=1370230"},{"taxonomy":"brand","embeddable":true,"href":"https:\/\/games.tactic.net\/fr\/wp-json\/wp\/v2\/brand?post=1370230"},{"taxonomy":"target-group","embeddable":true,"href":"https:\/\/games.tactic.net\/fr\/wp-json\/wp\/v2\/target-group?post=1370230"},{"taxonomy":"discontinued","embeddable":true,"href":"https:\/\/games.tactic.net\/fr\/wp-json\/wp\/v2\/discontinued?post=1370230"}],"curies":[{"name":"wp","href":"https:\/\/api.w.org\/{rel}","templated":true}]}}