{"id":1370229,"date":"2026-04-09T11:42:11","date_gmt":"2026-04-09T08:42:11","guid":{"rendered":"https:\/\/games.tactic.net\/tuote\/hex\/"},"modified":"2026-04-09T11:42:11","modified_gmt":"2026-04-09T08:42:11","slug":"hex","status":"publish","type":"product","link":"https:\/\/games.tactic.net\/fr\/tuote\/hex\/","title":{"rendered":"Hex!"},"content":{"rendered":"<p>La f\u00eate magique des sorciers, o\u00f9 les grimoires scintillent de reflets enchant\u00e9s et o\u00f9 les lanternes flottent dans les airs, est sur le point de commencer. Les invit\u00e9s se rassemblent \u00e0 l\u2019entr\u00e9e, mais l\u2019acc\u00e8s ne se fait pas si facilement. Votre mission est de les guider \u00e0 l\u2019int\u00e9rieur le plus rapidement possible. Rep\u00e9rez les points communs entre les cartes, lancez des sorts et d\u00e9couvrez le pouvoir des sosies. Le premier joueur \u00e0 se d\u00e9barrasser de toutes ses cartes en main remporte la partie !<\/p>\n","protected":false},"excerpt":{"rendered":"<p>Rep\u00e9rez les points communs, lancez des sorts et jouez vos cartes intelligemment. Guidez les invit\u00e9s dans la f\u00eate magique des sorciers le plus rapidement possible !<\/p>\n","protected":false},"featured_media":0,"template":"","meta":{"content-type":"","_monsterinsights_skip_tracking":false,"_monsterinsights_sitenote_active":false,"_monsterinsights_sitenote_note":"","_monsterinsights_sitenote_category":0},"product_brand":[],"product_cat":[1908],"product_tag":[1031,348],"brand":[],"target-group":[],"discontinued":[],"class_list":{"0":"post-1370229","1":"product","2":"type-product","3":"status-publish","5":"product_cat-jeux-de-cartes-et-de-des-jeux-famille","6":"product_tag-chance","7":"product_tag-combiner","9":"first","10":"instock","11":"taxable","12":"shipping-taxable","13":"product-type-simple"},"aioseo_notices":[],"_links":{"self":[{"href":"https:\/\/games.tactic.net\/fr\/wp-json\/wp\/v2\/product\/1370229","targetHints":{"allow":["GET"]}}],"collection":[{"href":"https:\/\/games.tactic.net\/fr\/wp-json\/wp\/v2\/product"}],"about":[{"href":"https:\/\/games.tactic.net\/fr\/wp-json\/wp\/v2\/types\/product"}],"wp:attachment":[{"href":"https:\/\/games.tactic.net\/fr\/wp-json\/wp\/v2\/media?parent=1370229"}],"wp:term":[{"taxonomy":"product_brand","embeddable":true,"href":"https:\/\/games.tactic.net\/fr\/wp-json\/wp\/v2\/product_brand?post=1370229"},{"taxonomy":"product_cat","embeddable":true,"href":"https:\/\/games.tactic.net\/fr\/wp-json\/wp\/v2\/product_cat?post=1370229"},{"taxonomy":"product_tag","embeddable":true,"href":"https:\/\/games.tactic.net\/fr\/wp-json\/wp\/v2\/product_tag?post=1370229"},{"taxonomy":"brand","embeddable":true,"href":"https:\/\/games.tactic.net\/fr\/wp-json\/wp\/v2\/brand?post=1370229"},{"taxonomy":"target-group","embeddable":true,"href":"https:\/\/games.tactic.net\/fr\/wp-json\/wp\/v2\/target-group?post=1370229"},{"taxonomy":"discontinued","embeddable":true,"href":"https:\/\/games.tactic.net\/fr\/wp-json\/wp\/v2\/discontinued?post=1370229"}],"curies":[{"name":"wp","href":"https:\/\/api.w.org\/{rel}","templated":true}]}}