{"id":1370228,"date":"2026-04-09T11:41:40","date_gmt":"2026-04-09T08:41:40","guid":{"rendered":"https:\/\/games.tactic.net\/tuote\/kuuelain-kurkkumaasta\/"},"modified":"2026-04-09T11:41:40","modified_gmt":"2026-04-09T08:41:40","slug":"kuuelain-kurkkumaasta","status":"publish","type":"product","link":"https:\/\/games.tactic.net\/fr\/tuote\/kuuelain-kurkkumaasta\/","title":{"rendered":"Kuuel\u00e4in Kurkkumaasta"},"content":{"rendered":"<p>J\u2019ai entendu dire que vous m\u2019aviez manqu\u00e9 ! Je suis un Moon Animal de Cucumberland, mes amis m\u2019appellent Cucu. Je suis pr\u00eat pour de nouvelles aventures \u2013 et toi ? Quand nous partons \u00e0 l\u2019aventure, tu es assis tr\u00e8s confortablement. Hauteur d\u2019assise 22 cm, parfaitement adapt\u00e9e aux petits passagers. Je suis un jouet classique tr\u00e8s c\u00e9l\u00e8bre de l\u2019usine Plasto en Finlande. Et maintenant, je suis pr\u00eat \u00e0 partir vers de nouvelles aventures. On y va ensemble ? Longueur 58,5 cm. \u00c2ge recommand\u00e9 1+.<\/p>\n","protected":false},"excerpt":{"rendered":"<p>J\u2019ai entendu dire que vous m\u2019aviez manqu\u00e9 ! Je suis un Moon Animal de Cucumberland, mes amis m\u2019appellent CuCu. Je suis pr\u00eat pour de nouvelles aventures \u2013 et toi ?<\/p>\n","protected":false},"featured_media":0,"template":"","meta":{"content-type":"","_monsterinsights_skip_tracking":false,"_monsterinsights_sitenote_active":false,"_monsterinsights_sitenote_note":"","_monsterinsights_sitenote_category":0},"product_brand":[],"product_cat":[2372],"product_tag":[],"brand":[{"id":2373,"name":"Plasto","slug":"plasto"},{"id":2374,"name":"Moonimal","slug":"moonimal"}],"target-group":[],"discontinued":[],"class_list":{"0":"post-1370228","1":"product","2":"type-product","3":"status-publish","5":"product_cat-plasto","6":"brand-moonimal","7":"brand-plasto","9":"first","10":"instock","11":"taxable","12":"shipping-taxable","13":"product-type-simple"},"aioseo_notices":[],"_links":{"self":[{"href":"https:\/\/games.tactic.net\/fr\/wp-json\/wp\/v2\/product\/1370228","targetHints":{"allow":["GET"]}}],"collection":[{"href":"https:\/\/games.tactic.net\/fr\/wp-json\/wp\/v2\/product"}],"about":[{"href":"https:\/\/games.tactic.net\/fr\/wp-json\/wp\/v2\/types\/product"}],"wp:attachment":[{"href":"https:\/\/games.tactic.net\/fr\/wp-json\/wp\/v2\/media?parent=1370228"}],"wp:term":[{"taxonomy":"product_brand","embeddable":true,"href":"https:\/\/games.tactic.net\/fr\/wp-json\/wp\/v2\/product_brand?post=1370228"},{"taxonomy":"product_cat","embeddable":true,"href":"https:\/\/games.tactic.net\/fr\/wp-json\/wp\/v2\/product_cat?post=1370228"},{"taxonomy":"product_tag","embeddable":true,"href":"https:\/\/games.tactic.net\/fr\/wp-json\/wp\/v2\/product_tag?post=1370228"},{"taxonomy":"brand","embeddable":true,"href":"https:\/\/games.tactic.net\/fr\/wp-json\/wp\/v2\/brand?post=1370228"},{"taxonomy":"target-group","embeddable":true,"href":"https:\/\/games.tactic.net\/fr\/wp-json\/wp\/v2\/target-group?post=1370228"},{"taxonomy":"discontinued","embeddable":true,"href":"https:\/\/games.tactic.net\/fr\/wp-json\/wp\/v2\/discontinued?post=1370228"}],"curies":[{"name":"wp","href":"https:\/\/api.w.org\/{rel}","templated":true}]}}