{"id":1370223,"date":"2026-04-09T11:40:41","date_gmt":"2026-04-09T08:40:41","guid":{"rendered":"https:\/\/games.tactic.net\/tuote\/lumo-moon-animal-from-cucumberland-jeccu-mini\/"},"modified":"2026-04-09T11:40:41","modified_gmt":"2026-04-09T08:40:41","slug":"lumo-moon-animal-from-cucumberland-jeccu-mini","status":"publish","type":"product","link":"https:\/\/games.tactic.net\/fr\/tuote\/lumo-moon-animal-from-cucumberland-jeccu-mini\/","title":{"rendered":"Lumo Moon animal from Cucumberland Jeccu mini"},"content":{"rendered":"<p>Moon Animal de Cucumberland &#8211; Peluche, Mini, taille env. 8,5 cm. Le c\u00e9l\u00e8bre jouet classique Moon Animal de Cucumberland est d\u00e9sormais disponible en peluche ! Cette adorable cr\u00e9ature douce s\u00e9duit par ses yeux amicaux et sa fourrure moelleuse. Apportez une touche de magie de Cucumberland dans votre maison ! Cette peluche est facile \u00e0 emporter partout : accrochez-la \u00e0 votre sac d\u2019\u00e9cole ou utilisez-la comme porte-cl\u00e9s. Je suis Jeccu \u2013 un Moon Animal de Cucumberland ! Je serai ton ami \u2013 m\u00eame la nuit, quand les \u00e9toiles brillent. Viens vivre une aventure avec moi !<\/p>\n","protected":false},"excerpt":{"rendered":"<p>Je suis Jeccu \u2013 un Moon Animal de Cucumberland ! Je serai ton ami \u2013 m\u00eame la nuit, quand les \u00e9toiles brillent. Viens vivre une aventure avec moi !<\/p>\n","protected":false},"featured_media":0,"template":"","meta":{"content-type":"","_monsterinsights_skip_tracking":false,"_monsterinsights_sitenote_active":false,"_monsterinsights_sitenote_note":"","_monsterinsights_sitenote_category":0},"product_brand":[],"product_cat":[1894],"product_tag":[],"brand":[{"id":2374,"name":"Moonimal","slug":"moonimal"},{"id":1021,"name":"Lumo Stars","slug":"lumo-stars_fr"}],"target-group":[],"discontinued":[],"class_list":{"0":"post-1370223","1":"product","2":"type-product","3":"status-publish","5":"product_cat-mini-peluches","6":"brand-lumo-stars_fr","7":"brand-moonimal","9":"first","10":"outofstock","11":"taxable","12":"shipping-taxable","13":"product-type-simple"},"aioseo_notices":[],"_links":{"self":[{"href":"https:\/\/games.tactic.net\/fr\/wp-json\/wp\/v2\/product\/1370223","targetHints":{"allow":["GET"]}}],"collection":[{"href":"https:\/\/games.tactic.net\/fr\/wp-json\/wp\/v2\/product"}],"about":[{"href":"https:\/\/games.tactic.net\/fr\/wp-json\/wp\/v2\/types\/product"}],"wp:attachment":[{"href":"https:\/\/games.tactic.net\/fr\/wp-json\/wp\/v2\/media?parent=1370223"}],"wp:term":[{"taxonomy":"product_brand","embeddable":true,"href":"https:\/\/games.tactic.net\/fr\/wp-json\/wp\/v2\/product_brand?post=1370223"},{"taxonomy":"product_cat","embeddable":true,"href":"https:\/\/games.tactic.net\/fr\/wp-json\/wp\/v2\/product_cat?post=1370223"},{"taxonomy":"product_tag","embeddable":true,"href":"https:\/\/games.tactic.net\/fr\/wp-json\/wp\/v2\/product_tag?post=1370223"},{"taxonomy":"brand","embeddable":true,"href":"https:\/\/games.tactic.net\/fr\/wp-json\/wp\/v2\/brand?post=1370223"},{"taxonomy":"target-group","embeddable":true,"href":"https:\/\/games.tactic.net\/fr\/wp-json\/wp\/v2\/target-group?post=1370223"},{"taxonomy":"discontinued","embeddable":true,"href":"https:\/\/games.tactic.net\/fr\/wp-json\/wp\/v2\/discontinued?post=1370223"}],"curies":[{"name":"wp","href":"https:\/\/api.w.org\/{rel}","templated":true}]}}