{"id":1370216,"date":"2026-04-09T11:39:24","date_gmt":"2026-04-09T08:39:24","guid":{"rendered":"https:\/\/games.tactic.net\/tuote\/lumo-shiba-inu-ukko-mini\/"},"modified":"2026-04-09T11:39:24","modified_gmt":"2026-04-09T08:39:24","slug":"lumo-shiba-inu-ukko-mini","status":"publish","type":"product","link":"https:\/\/games.tactic.net\/fr\/tuote\/lumo-shiba-inu-ukko-mini\/","title":{"rendered":"Lumo Shiba Inu Ukko mini"},"content":{"rendered":"<p>Je suis Ukko le Shiba Inu \u2013 audacieux, fid\u00e8le et toujours vigilant ! Mes yeux malins ne manquent rien et ma queue touffue est toujours pr\u00eate \u00e0 remuer. J\u2019adore les aventures dans la nature, mais mon c\u0153ur appartient \u00e0 mes amis. Je suis peut-\u00eatre petit, mais je suis rempli de courage et d\u2019amour !<\/p>\n","protected":false},"excerpt":{"rendered":"<p>Je suis Ukko le Shiba Inu \u2013 audacieux, fid\u00e8le et toujours vigilant !<\/p>\n","protected":false},"featured_media":0,"template":"","meta":{"content-type":"","_monsterinsights_skip_tracking":false,"_monsterinsights_sitenote_active":false,"_monsterinsights_sitenote_note":"","_monsterinsights_sitenote_category":0},"product_brand":[],"product_cat":[1894],"product_tag":[],"brand":[],"target-group":[],"discontinued":[],"class_list":{"0":"post-1370216","1":"product","2":"type-product","3":"status-publish","5":"product_cat-mini-peluches","7":"first","8":"instock","9":"taxable","10":"shipping-taxable","11":"product-type-simple"},"aioseo_notices":[],"_links":{"self":[{"href":"https:\/\/games.tactic.net\/fr\/wp-json\/wp\/v2\/product\/1370216","targetHints":{"allow":["GET"]}}],"collection":[{"href":"https:\/\/games.tactic.net\/fr\/wp-json\/wp\/v2\/product"}],"about":[{"href":"https:\/\/games.tactic.net\/fr\/wp-json\/wp\/v2\/types\/product"}],"wp:attachment":[{"href":"https:\/\/games.tactic.net\/fr\/wp-json\/wp\/v2\/media?parent=1370216"}],"wp:term":[{"taxonomy":"product_brand","embeddable":true,"href":"https:\/\/games.tactic.net\/fr\/wp-json\/wp\/v2\/product_brand?post=1370216"},{"taxonomy":"product_cat","embeddable":true,"href":"https:\/\/games.tactic.net\/fr\/wp-json\/wp\/v2\/product_cat?post=1370216"},{"taxonomy":"product_tag","embeddable":true,"href":"https:\/\/games.tactic.net\/fr\/wp-json\/wp\/v2\/product_tag?post=1370216"},{"taxonomy":"brand","embeddable":true,"href":"https:\/\/games.tactic.net\/fr\/wp-json\/wp\/v2\/brand?post=1370216"},{"taxonomy":"target-group","embeddable":true,"href":"https:\/\/games.tactic.net\/fr\/wp-json\/wp\/v2\/target-group?post=1370216"},{"taxonomy":"discontinued","embeddable":true,"href":"https:\/\/games.tactic.net\/fr\/wp-json\/wp\/v2\/discontinued?post=1370216"}],"curies":[{"name":"wp","href":"https:\/\/api.w.org\/{rel}","templated":true}]}}