{"id":1370215,"date":"2026-04-09T11:39:13","date_gmt":"2026-04-09T08:39:13","guid":{"rendered":"https:\/\/games.tactic.net\/tuote\/lumo-french-buldog-lyyli-mini\/"},"modified":"2026-04-09T11:39:13","modified_gmt":"2026-04-09T08:39:13","slug":"lumo-french-buldog-lyyli-mini","status":"publish","type":"product","link":"https:\/\/games.tactic.net\/fr\/tuote\/lumo-french-buldog-lyyli-mini\/","title":{"rendered":"Lumo French Buldog Lyyli mini"},"content":{"rendered":"<p>Je suis Lyyli le bouledogue fran\u00e7ais, toujours pr\u00eate \u00e0 faire des c\u00e2lins et \u00e0 prot\u00e9ger ceux que j\u2019aime. Avec mes grands yeux curieux et mes petites pattes toutes douces, je ferai fondre ton c\u0153ur et je ne te quitterai jamais. Je suis peut-\u00eatre petite, mais mon amour est immense !<\/p>\n","protected":false},"excerpt":{"rendered":"<p>Je suis Lyyli le bouledogue fran\u00e7ais, toujours pr\u00eate \u00e0 faire des c\u00e2lins et \u00e0 prot\u00e9ger ceux que j\u2019aime.<\/p>\n","protected":false},"featured_media":0,"template":"","meta":{"content-type":"","_monsterinsights_skip_tracking":false,"_monsterinsights_sitenote_active":false,"_monsterinsights_sitenote_note":"","_monsterinsights_sitenote_category":0},"product_brand":[],"product_cat":[1894],"product_tag":[],"brand":[],"target-group":[],"discontinued":[],"class_list":{"0":"post-1370215","1":"product","2":"type-product","3":"status-publish","5":"product_cat-mini-peluches","7":"first","8":"instock","9":"taxable","10":"shipping-taxable","11":"product-type-simple"},"aioseo_notices":[],"_links":{"self":[{"href":"https:\/\/games.tactic.net\/fr\/wp-json\/wp\/v2\/product\/1370215","targetHints":{"allow":["GET"]}}],"collection":[{"href":"https:\/\/games.tactic.net\/fr\/wp-json\/wp\/v2\/product"}],"about":[{"href":"https:\/\/games.tactic.net\/fr\/wp-json\/wp\/v2\/types\/product"}],"wp:attachment":[{"href":"https:\/\/games.tactic.net\/fr\/wp-json\/wp\/v2\/media?parent=1370215"}],"wp:term":[{"taxonomy":"product_brand","embeddable":true,"href":"https:\/\/games.tactic.net\/fr\/wp-json\/wp\/v2\/product_brand?post=1370215"},{"taxonomy":"product_cat","embeddable":true,"href":"https:\/\/games.tactic.net\/fr\/wp-json\/wp\/v2\/product_cat?post=1370215"},{"taxonomy":"product_tag","embeddable":true,"href":"https:\/\/games.tactic.net\/fr\/wp-json\/wp\/v2\/product_tag?post=1370215"},{"taxonomy":"brand","embeddable":true,"href":"https:\/\/games.tactic.net\/fr\/wp-json\/wp\/v2\/brand?post=1370215"},{"taxonomy":"target-group","embeddable":true,"href":"https:\/\/games.tactic.net\/fr\/wp-json\/wp\/v2\/target-group?post=1370215"},{"taxonomy":"discontinued","embeddable":true,"href":"https:\/\/games.tactic.net\/fr\/wp-json\/wp\/v2\/discontinued?post=1370215"}],"curies":[{"name":"wp","href":"https:\/\/api.w.org\/{rel}","templated":true}]}}