{"id":1370214,"date":"2026-04-09T11:39:00","date_gmt":"2026-04-09T08:39:00","guid":{"rendered":"https:\/\/games.tactic.net\/tuote\/lumo-moose-mari-pink-grey-classic\/"},"modified":"2026-04-09T11:39:00","modified_gmt":"2026-04-09T08:39:00","slug":"lumo-moose-mari-pink-grey-classic","status":"publish","type":"product","link":"https:\/\/games.tactic.net\/fr\/tuote\/lumo-moose-mari-pink-grey-classic\/","title":{"rendered":"Lumo Moose Mari pink\/grey classic"},"content":{"rendered":"<p>Salut, je suis Mari l\u2019\u00e9lan rose \u2013 douce, r\u00eaveuse et pleine d\u2019\u00e9clat ! Ma fourrure rose douce brille comme la neige au cr\u00e9puscule, et mon c\u0153ur est toujours ouvert \u00e0 de nouveaux amis. J\u2019adore observer les \u00e9toiles et transformer les petits moments en magie. Avec moi, chaque jour ressemble \u00e0 un conte de f\u00e9es !<\/p>\n","protected":false},"excerpt":{"rendered":"<p>Salut, je suis Mari l\u2019\u00e9lan rose \u2013 douce, r\u00eaveuse et pleine d\u2019\u00e9clat !<\/p>\n","protected":false},"featured_media":0,"template":"","meta":{"content-type":"","_monsterinsights_skip_tracking":false,"_monsterinsights_sitenote_active":false,"_monsterinsights_sitenote_note":"","_monsterinsights_sitenote_category":0},"product_brand":[],"product_cat":[1892],"product_tag":[],"brand":[],"target-group":[],"discontinued":[],"class_list":{"0":"post-1370214","1":"product","2":"type-product","3":"status-publish","5":"product_cat-classic-peluches","7":"first","8":"instock","9":"taxable","10":"shipping-taxable","11":"product-type-simple"},"aioseo_notices":[],"_links":{"self":[{"href":"https:\/\/games.tactic.net\/fr\/wp-json\/wp\/v2\/product\/1370214","targetHints":{"allow":["GET"]}}],"collection":[{"href":"https:\/\/games.tactic.net\/fr\/wp-json\/wp\/v2\/product"}],"about":[{"href":"https:\/\/games.tactic.net\/fr\/wp-json\/wp\/v2\/types\/product"}],"wp:attachment":[{"href":"https:\/\/games.tactic.net\/fr\/wp-json\/wp\/v2\/media?parent=1370214"}],"wp:term":[{"taxonomy":"product_brand","embeddable":true,"href":"https:\/\/games.tactic.net\/fr\/wp-json\/wp\/v2\/product_brand?post=1370214"},{"taxonomy":"product_cat","embeddable":true,"href":"https:\/\/games.tactic.net\/fr\/wp-json\/wp\/v2\/product_cat?post=1370214"},{"taxonomy":"product_tag","embeddable":true,"href":"https:\/\/games.tactic.net\/fr\/wp-json\/wp\/v2\/product_tag?post=1370214"},{"taxonomy":"brand","embeddable":true,"href":"https:\/\/games.tactic.net\/fr\/wp-json\/wp\/v2\/brand?post=1370214"},{"taxonomy":"target-group","embeddable":true,"href":"https:\/\/games.tactic.net\/fr\/wp-json\/wp\/v2\/target-group?post=1370214"},{"taxonomy":"discontinued","embeddable":true,"href":"https:\/\/games.tactic.net\/fr\/wp-json\/wp\/v2\/discontinued?post=1370214"}],"curies":[{"name":"wp","href":"https:\/\/api.w.org\/{rel}","templated":true}]}}