{"id":1370211,"date":"2026-04-09T11:38:16","date_gmt":"2026-04-09T08:38:16","guid":{"rendered":"https:\/\/games.tactic.net\/tuote\/lumo-moose-kari-brown-mini\/"},"modified":"2026-04-09T11:38:16","modified_gmt":"2026-04-09T08:38:16","slug":"lumo-moose-kari-brown-mini","status":"publish","type":"product","link":"https:\/\/games.tactic.net\/fr\/tuote\/lumo-moose-kari-brown-mini\/","title":{"rendered":"Lumo Moose Kari brown mini"},"content":{"rendered":"<p>Je suis Kari l\u2019\u00e9lan \u2013 paisible, fier et v\u00e9ritable gardien de la for\u00eat. Mes grands bois peuvent sembler impressionnants, mais c\u2019est mon c\u0153ur doux qui me rend sp\u00e9cial. J\u2019aime les promenades tranquilles sous les arbres et partager des moments calmes avec mes amis. La nature est mon foyer, et la gentillesse est ma fa\u00e7on d\u2019\u00eatre. Ce porte-bonheur de 8,5 cm est facile \u00e0 accrocher, par exemple \u00e0 un sac \u00e0 dos.<\/p>\n","protected":false},"excerpt":{"rendered":"<p>Je suis Kari l\u2019\u00e9lan \u2013 paisible, fier et v\u00e9ritable gardien de la for\u00eat.<\/p>\n","protected":false},"featured_media":0,"template":"","meta":{"content-type":"","_monsterinsights_skip_tracking":false,"_monsterinsights_sitenote_active":false,"_monsterinsights_sitenote_note":"","_monsterinsights_sitenote_category":0},"product_brand":[],"product_cat":[1894],"product_tag":[],"brand":[],"target-group":[],"discontinued":[],"class_list":{"0":"post-1370211","1":"product","2":"type-product","3":"status-publish","5":"product_cat-mini-peluches","7":"first","8":"outofstock","9":"taxable","10":"shipping-taxable","11":"product-type-simple"},"aioseo_notices":[],"_links":{"self":[{"href":"https:\/\/games.tactic.net\/fr\/wp-json\/wp\/v2\/product\/1370211","targetHints":{"allow":["GET"]}}],"collection":[{"href":"https:\/\/games.tactic.net\/fr\/wp-json\/wp\/v2\/product"}],"about":[{"href":"https:\/\/games.tactic.net\/fr\/wp-json\/wp\/v2\/types\/product"}],"wp:attachment":[{"href":"https:\/\/games.tactic.net\/fr\/wp-json\/wp\/v2\/media?parent=1370211"}],"wp:term":[{"taxonomy":"product_brand","embeddable":true,"href":"https:\/\/games.tactic.net\/fr\/wp-json\/wp\/v2\/product_brand?post=1370211"},{"taxonomy":"product_cat","embeddable":true,"href":"https:\/\/games.tactic.net\/fr\/wp-json\/wp\/v2\/product_cat?post=1370211"},{"taxonomy":"product_tag","embeddable":true,"href":"https:\/\/games.tactic.net\/fr\/wp-json\/wp\/v2\/product_tag?post=1370211"},{"taxonomy":"brand","embeddable":true,"href":"https:\/\/games.tactic.net\/fr\/wp-json\/wp\/v2\/brand?post=1370211"},{"taxonomy":"target-group","embeddable":true,"href":"https:\/\/games.tactic.net\/fr\/wp-json\/wp\/v2\/target-group?post=1370211"},{"taxonomy":"discontinued","embeddable":true,"href":"https:\/\/games.tactic.net\/fr\/wp-json\/wp\/v2\/discontinued?post=1370211"}],"curies":[{"name":"wp","href":"https:\/\/api.w.org\/{rel}","templated":true}]}}