{"id":1370209,"date":"2026-04-09T11:37:50","date_gmt":"2026-04-09T08:37:50","guid":{"rendered":"https:\/\/games.tactic.net\/tuote\/lumo-moon-animal-from-cucumberland-cucu-classic\/"},"modified":"2026-04-09T11:37:50","modified_gmt":"2026-04-09T08:37:50","slug":"lumo-moon-animal-from-cucumberland-cucu-classic","status":"publish","type":"product","link":"https:\/\/games.tactic.net\/fr\/tuote\/lumo-moon-animal-from-cucumberland-cucu-classic\/","title":{"rendered":"Lumo Moon animal from Cucumberland Cucu classic"},"content":{"rendered":"<p>Moon Animal de Cucumberland &#8211; Peluche, Classique, taille env. 15 cm. Le c\u00e9l\u00e8bre jouet classique Moon Animal de Cucumberland est d\u00e9sormais disponible en peluche ! Cette adorable cr\u00e9ature douce s\u00e9duit par ses yeux amicaux et sa fourrure moelleuse. Apportez une touche de magie de Cucumberland dans votre maison ! J\u2019ai entendu dire que vous m\u2019aviez manqu\u00e9 ! Je suis un Moon Animal de Cucumberland, mais mes amis m\u2019appellent simplement Cucu.<\/p>\n","protected":false},"excerpt":{"rendered":"<p>J\u2019ai entendu dire que vous m\u2019aviez manqu\u00e9 ! Je suis un Moon Animal de Cucumberland, mais mes amis m\u2019appellent simplement Cucu.<\/p>\n","protected":false},"featured_media":0,"template":"","meta":{"content-type":"","_monsterinsights_skip_tracking":false,"_monsterinsights_sitenote_active":false,"_monsterinsights_sitenote_note":"","_monsterinsights_sitenote_category":0},"product_brand":[],"product_cat":[1892],"product_tag":[],"brand":[{"id":2374,"name":"Moonimal","slug":"moonimal"},{"id":1021,"name":"Lumo Stars","slug":"lumo-stars_fr"}],"target-group":[],"discontinued":[],"class_list":{"0":"post-1370209","1":"product","2":"type-product","3":"status-publish","5":"product_cat-classic-peluches","6":"brand-lumo-stars_fr","7":"brand-moonimal","9":"first","10":"outofstock","11":"taxable","12":"shipping-taxable","13":"product-type-simple"},"aioseo_notices":[],"_links":{"self":[{"href":"https:\/\/games.tactic.net\/fr\/wp-json\/wp\/v2\/product\/1370209","targetHints":{"allow":["GET"]}}],"collection":[{"href":"https:\/\/games.tactic.net\/fr\/wp-json\/wp\/v2\/product"}],"about":[{"href":"https:\/\/games.tactic.net\/fr\/wp-json\/wp\/v2\/types\/product"}],"wp:attachment":[{"href":"https:\/\/games.tactic.net\/fr\/wp-json\/wp\/v2\/media?parent=1370209"}],"wp:term":[{"taxonomy":"product_brand","embeddable":true,"href":"https:\/\/games.tactic.net\/fr\/wp-json\/wp\/v2\/product_brand?post=1370209"},{"taxonomy":"product_cat","embeddable":true,"href":"https:\/\/games.tactic.net\/fr\/wp-json\/wp\/v2\/product_cat?post=1370209"},{"taxonomy":"product_tag","embeddable":true,"href":"https:\/\/games.tactic.net\/fr\/wp-json\/wp\/v2\/product_tag?post=1370209"},{"taxonomy":"brand","embeddable":true,"href":"https:\/\/games.tactic.net\/fr\/wp-json\/wp\/v2\/brand?post=1370209"},{"taxonomy":"target-group","embeddable":true,"href":"https:\/\/games.tactic.net\/fr\/wp-json\/wp\/v2\/target-group?post=1370209"},{"taxonomy":"discontinued","embeddable":true,"href":"https:\/\/games.tactic.net\/fr\/wp-json\/wp\/v2\/discontinued?post=1370209"}],"curies":[{"name":"wp","href":"https:\/\/api.w.org\/{rel}","templated":true}]}}