{"id":1370207,"date":"2026-04-09T11:37:15","date_gmt":"2026-04-09T08:37:15","guid":{"rendered":"https:\/\/games.tactic.net\/tuote\/playing-cards-christmas\/"},"modified":"2026-04-09T11:37:15","modified_gmt":"2026-04-09T08:37:15","slug":"playing-cards-christmas","status":"publish","type":"product","link":"https:\/\/games.tactic.net\/fr\/tuote\/playing-cards-christmas\/","title":{"rendered":"Playing Cards Christmas"},"content":{"rendered":"<p>Cartes \u00e0 jouer de No\u00ebl pleines de joie ! \u00cates-vous un v\u00e9ritable expert des cartes ou souhaitez-vous simplement vous d\u00e9tendre et profiter de No\u00ebl entre amis et en famille ? Ces cartes conviennent aussi bien aux d\u00e9butants qu\u2019aux joueurs exp\u00e9riment\u00e9s. Laissez les jeux de cartes remplir votre p\u00e9riode de No\u00ebl de plaisir et de joie !<\/p>\n","protected":false},"excerpt":{"rendered":"<p>Ces cartes \u00e0 jouer joyeuses conviennent aussi bien aux d\u00e9butants qu\u2019aux joueurs exp\u00e9riment\u00e9s. Laissez les jeux de cartes remplir votre p\u00e9riode de No\u00ebl de plaisir et de joie !<\/p>\n","protected":false},"featured_media":0,"template":"","meta":{"content-type":"","_monsterinsights_skip_tracking":false,"_monsterinsights_sitenote_active":false,"_monsterinsights_sitenote_note":"","_monsterinsights_sitenote_category":0},"product_brand":[],"product_cat":[1888,1908],"product_tag":[1036],"brand":[],"target-group":[],"discontinued":[],"class_list":{"0":"post-1370207","1":"product","2":"type-product","3":"status-publish","5":"product_cat-jeux-de-cartes-et-de-des-autres-jeux","6":"product_cat-jeux-de-cartes-et-de-des-jeux-famille","7":"product_tag-passe-temps","9":"first","10":"instock","11":"taxable","12":"shipping-taxable","13":"product-type-simple"},"aioseo_notices":[],"_links":{"self":[{"href":"https:\/\/games.tactic.net\/fr\/wp-json\/wp\/v2\/product\/1370207","targetHints":{"allow":["GET"]}}],"collection":[{"href":"https:\/\/games.tactic.net\/fr\/wp-json\/wp\/v2\/product"}],"about":[{"href":"https:\/\/games.tactic.net\/fr\/wp-json\/wp\/v2\/types\/product"}],"wp:attachment":[{"href":"https:\/\/games.tactic.net\/fr\/wp-json\/wp\/v2\/media?parent=1370207"}],"wp:term":[{"taxonomy":"product_brand","embeddable":true,"href":"https:\/\/games.tactic.net\/fr\/wp-json\/wp\/v2\/product_brand?post=1370207"},{"taxonomy":"product_cat","embeddable":true,"href":"https:\/\/games.tactic.net\/fr\/wp-json\/wp\/v2\/product_cat?post=1370207"},{"taxonomy":"product_tag","embeddable":true,"href":"https:\/\/games.tactic.net\/fr\/wp-json\/wp\/v2\/product_tag?post=1370207"},{"taxonomy":"brand","embeddable":true,"href":"https:\/\/games.tactic.net\/fr\/wp-json\/wp\/v2\/brand?post=1370207"},{"taxonomy":"target-group","embeddable":true,"href":"https:\/\/games.tactic.net\/fr\/wp-json\/wp\/v2\/target-group?post=1370207"},{"taxonomy":"discontinued","embeddable":true,"href":"https:\/\/games.tactic.net\/fr\/wp-json\/wp\/v2\/discontinued?post=1370207"}],"curies":[{"name":"wp","href":"https:\/\/api.w.org\/{rel}","templated":true}]}}