{"id":1370206,"date":"2026-04-09T11:37:03","date_gmt":"2026-04-09T08:37:03","guid":{"rendered":"https:\/\/games.tactic.net\/tuote\/playing-cards-halloween\/"},"modified":"2026-04-09T11:37:03","modified_gmt":"2026-04-09T08:37:03","slug":"playing-cards-halloween","status":"publish","type":"product","link":"https:\/\/games.tactic.net\/fr\/tuote\/playing-cards-halloween\/","title":{"rendered":"Playing Cards Halloween"},"content":{"rendered":"<p>Plongez dans l\u2019ombre et que les jeux commencent ! Ce jeu de cartes d\u2019Halloween effrayant met en sc\u00e8ne des zombies, des squelettes, des goules, des chauves-souris et d\u2019autres cr\u00e9atures hant\u00e9es. Parfait pour des soir\u00e9es de jeu terrifiantes, les amateurs d\u2019horreur et tous ceux qui veulent ajouter une touche sombre \u00e0 leurs parties. Que la hantise commence !<\/p>\n","protected":false},"excerpt":{"rendered":"<p>Ce jeu de cartes effrayant est parfait pour des soir\u00e9es de jeu d\u2019Halloween, les amateurs d\u2019horreur et tous ceux qui veulent ajouter une touche d\u2019obscurit\u00e9 \u00e0 leurs parties.<\/p>\n","protected":false},"featured_media":0,"template":"","meta":{"content-type":"","_monsterinsights_skip_tracking":false,"_monsterinsights_sitenote_active":false,"_monsterinsights_sitenote_note":"","_monsterinsights_sitenote_category":0},"product_brand":[],"product_cat":[1888,1908],"product_tag":[1036],"brand":[],"target-group":[],"discontinued":[],"class_list":{"0":"post-1370206","1":"product","2":"type-product","3":"status-publish","5":"product_cat-jeux-de-cartes-et-de-des-autres-jeux","6":"product_cat-jeux-de-cartes-et-de-des-jeux-famille","7":"product_tag-passe-temps","9":"first","10":"instock","11":"taxable","12":"shipping-taxable","13":"product-type-simple"},"aioseo_notices":[],"_links":{"self":[{"href":"https:\/\/games.tactic.net\/fr\/wp-json\/wp\/v2\/product\/1370206","targetHints":{"allow":["GET"]}}],"collection":[{"href":"https:\/\/games.tactic.net\/fr\/wp-json\/wp\/v2\/product"}],"about":[{"href":"https:\/\/games.tactic.net\/fr\/wp-json\/wp\/v2\/types\/product"}],"wp:attachment":[{"href":"https:\/\/games.tactic.net\/fr\/wp-json\/wp\/v2\/media?parent=1370206"}],"wp:term":[{"taxonomy":"product_brand","embeddable":true,"href":"https:\/\/games.tactic.net\/fr\/wp-json\/wp\/v2\/product_brand?post=1370206"},{"taxonomy":"product_cat","embeddable":true,"href":"https:\/\/games.tactic.net\/fr\/wp-json\/wp\/v2\/product_cat?post=1370206"},{"taxonomy":"product_tag","embeddable":true,"href":"https:\/\/games.tactic.net\/fr\/wp-json\/wp\/v2\/product_tag?post=1370206"},{"taxonomy":"brand","embeddable":true,"href":"https:\/\/games.tactic.net\/fr\/wp-json\/wp\/v2\/brand?post=1370206"},{"taxonomy":"target-group","embeddable":true,"href":"https:\/\/games.tactic.net\/fr\/wp-json\/wp\/v2\/target-group?post=1370206"},{"taxonomy":"discontinued","embeddable":true,"href":"https:\/\/games.tactic.net\/fr\/wp-json\/wp\/v2\/discontinued?post=1370206"}],"curies":[{"name":"wp","href":"https:\/\/api.w.org\/{rel}","templated":true}]}}