{"id":1370205,"date":"2026-04-09T11:36:52","date_gmt":"2026-04-09T08:36:52","guid":{"rendered":"https:\/\/games.tactic.net\/tuote\/plasto-giant-snow-clearer-width-45-cm-turquoise-2\/"},"modified":"2026-04-09T11:36:52","modified_gmt":"2026-04-09T08:36:52","slug":"plasto-giant-snow-clearer-width-45-cm-turquoise-2","status":"publish","type":"product","link":"https:\/\/games.tactic.net\/fr\/tuote\/plasto-giant-snow-clearer-width-45-cm-turquoise-2\/","title":{"rendered":"PLASTO Giant snow clearer. Width 45 cm. Turquoise"},"content":{"rendered":"<p>Place \u00e0 la neige ! La souffleuse \u00e0 neige Plasto est adapt\u00e9e aux travaux difficiles. Largeur 45 cm. Longueur 82 cm. Fabriqu\u00e9e en Finlande.<\/p>\n","protected":false},"excerpt":{"rendered":"<p>Souffleuse \u00e0 neige de haute qualit\u00e9 con\u00e7ue pour les travaux difficiles.<\/p>\n","protected":false},"featured_media":0,"template":"","meta":{"content-type":"","_monsterinsights_skip_tracking":false,"_monsterinsights_sitenote_active":false,"_monsterinsights_sitenote_note":"","_monsterinsights_sitenote_category":0},"product_brand":[],"product_cat":[2372],"product_tag":[],"brand":[],"target-group":[],"discontinued":[],"class_list":{"0":"post-1370205","1":"product","2":"type-product","3":"status-publish","5":"product_cat-plasto","7":"first","8":"instock","9":"taxable","10":"shipping-taxable","11":"product-type-simple"},"aioseo_notices":[],"_links":{"self":[{"href":"https:\/\/games.tactic.net\/fr\/wp-json\/wp\/v2\/product\/1370205","targetHints":{"allow":["GET"]}}],"collection":[{"href":"https:\/\/games.tactic.net\/fr\/wp-json\/wp\/v2\/product"}],"about":[{"href":"https:\/\/games.tactic.net\/fr\/wp-json\/wp\/v2\/types\/product"}],"wp:attachment":[{"href":"https:\/\/games.tactic.net\/fr\/wp-json\/wp\/v2\/media?parent=1370205"}],"wp:term":[{"taxonomy":"product_brand","embeddable":true,"href":"https:\/\/games.tactic.net\/fr\/wp-json\/wp\/v2\/product_brand?post=1370205"},{"taxonomy":"product_cat","embeddable":true,"href":"https:\/\/games.tactic.net\/fr\/wp-json\/wp\/v2\/product_cat?post=1370205"},{"taxonomy":"product_tag","embeddable":true,"href":"https:\/\/games.tactic.net\/fr\/wp-json\/wp\/v2\/product_tag?post=1370205"},{"taxonomy":"brand","embeddable":true,"href":"https:\/\/games.tactic.net\/fr\/wp-json\/wp\/v2\/brand?post=1370205"},{"taxonomy":"target-group","embeddable":true,"href":"https:\/\/games.tactic.net\/fr\/wp-json\/wp\/v2\/target-group?post=1370205"},{"taxonomy":"discontinued","embeddable":true,"href":"https:\/\/games.tactic.net\/fr\/wp-json\/wp\/v2\/discontinued?post=1370205"}],"curies":[{"name":"wp","href":"https:\/\/api.w.org\/{rel}","templated":true}]}}