{"id":1370199,"date":"2026-04-09T11:35:12","date_gmt":"2026-04-09T08:35:12","guid":{"rendered":"https:\/\/games.tactic.net\/tuote\/plasto-tipper-truck-30-cm-bluered\/"},"modified":"2026-04-09T11:35:12","modified_gmt":"2026-04-09T08:35:12","slug":"plasto-tipper-truck-30-cm-bluered","status":"publish","type":"product","link":"https:\/\/games.tactic.net\/fr\/tuote\/plasto-tipper-truck-30-cm-bluered\/","title":{"rendered":"PLASTO Tipper Truck (30 cm), BlueRed"},"content":{"rendered":"<p>Camion benne Plasto extr\u00eamement robuste pour de nombreuses heures de jeu imaginatif ! Longueur 30 cm. \u00c2ge recommand\u00e9 1+. Fabriqu\u00e9 en Finlande.<\/p>\n","protected":false},"excerpt":{"rendered":"<p>Un camion benne Plasto extr\u00eamement robuste pour des heures infinies de jeu imaginatif !<\/p>\n","protected":false},"featured_media":0,"template":"","meta":{"content-type":"","_monsterinsights_skip_tracking":false,"_monsterinsights_sitenote_active":false,"_monsterinsights_sitenote_note":"","_monsterinsights_sitenote_category":0},"product_brand":[],"product_cat":[2372],"product_tag":[],"brand":[],"target-group":[],"discontinued":[],"class_list":{"0":"post-1370199","1":"product","2":"type-product","3":"status-publish","5":"product_cat-plasto","7":"first","8":"instock","9":"taxable","10":"shipping-taxable","11":"product-type-simple"},"aioseo_notices":[],"_links":{"self":[{"href":"https:\/\/games.tactic.net\/fr\/wp-json\/wp\/v2\/product\/1370199","targetHints":{"allow":["GET"]}}],"collection":[{"href":"https:\/\/games.tactic.net\/fr\/wp-json\/wp\/v2\/product"}],"about":[{"href":"https:\/\/games.tactic.net\/fr\/wp-json\/wp\/v2\/types\/product"}],"wp:attachment":[{"href":"https:\/\/games.tactic.net\/fr\/wp-json\/wp\/v2\/media?parent=1370199"}],"wp:term":[{"taxonomy":"product_brand","embeddable":true,"href":"https:\/\/games.tactic.net\/fr\/wp-json\/wp\/v2\/product_brand?post=1370199"},{"taxonomy":"product_cat","embeddable":true,"href":"https:\/\/games.tactic.net\/fr\/wp-json\/wp\/v2\/product_cat?post=1370199"},{"taxonomy":"product_tag","embeddable":true,"href":"https:\/\/games.tactic.net\/fr\/wp-json\/wp\/v2\/product_tag?post=1370199"},{"taxonomy":"brand","embeddable":true,"href":"https:\/\/games.tactic.net\/fr\/wp-json\/wp\/v2\/brand?post=1370199"},{"taxonomy":"target-group","embeddable":true,"href":"https:\/\/games.tactic.net\/fr\/wp-json\/wp\/v2\/target-group?post=1370199"},{"taxonomy":"discontinued","embeddable":true,"href":"https:\/\/games.tactic.net\/fr\/wp-json\/wp\/v2\/discontinued?post=1370199"}],"curies":[{"name":"wp","href":"https:\/\/api.w.org\/{rel}","templated":true}]}}