{"id":1370187,"date":"2026-04-09T11:31:31","date_gmt":"2026-04-09T08:31:31","guid":{"rendered":"https:\/\/games.tactic.net\/tuote\/plasto-picnic-set-bioplastic\/"},"modified":"2026-04-09T11:31:31","modified_gmt":"2026-04-09T08:31:31","slug":"plasto-picnic-set-bioplastic","status":"publish","type":"product","link":"https:\/\/games.tactic.net\/fr\/tuote\/plasto-picnic-set-bioplastic\/","title":{"rendered":"PLASTO Picnic Set Bioplastic"},"content":{"rendered":"<p>Un choix durable ! Le set cuisine Plasto Picnic Party comprend au total 14 pi\u00e8ces de haute qualit\u00e9, tout le n\u00e9cessaire pour un pique-nique pour 4 personnes. Le set est fabriqu\u00e9 en bioplastique. Le plastique de ce jouet est issu de canne \u00e0 sucre 100 % renouvelable. \u00c2ge recommand\u00e9 1+. Fabriqu\u00e9 en Finlande.<\/p>\n","protected":false},"excerpt":{"rendered":"<p>Set de pique-nique, 14 pi\u00e8ces. Bioplastique fabriqu\u00e9 \u00e0 partir de canne \u00e0 sucre.<\/p>\n","protected":false},"featured_media":0,"template":"","meta":{"content-type":"","_monsterinsights_skip_tracking":false,"_monsterinsights_sitenote_active":false,"_monsterinsights_sitenote_note":"","_monsterinsights_sitenote_category":0},"product_brand":[],"product_cat":[2372],"product_tag":[],"brand":[{"id":2373,"name":"Plasto","slug":"plasto"}],"target-group":[],"discontinued":[],"class_list":{"0":"post-1370187","1":"product","2":"type-product","3":"status-publish","5":"product_cat-plasto","6":"brand-plasto","8":"first","9":"instock","10":"taxable","11":"shipping-taxable","12":"product-type-simple"},"aioseo_notices":[],"_links":{"self":[{"href":"https:\/\/games.tactic.net\/fr\/wp-json\/wp\/v2\/product\/1370187","targetHints":{"allow":["GET"]}}],"collection":[{"href":"https:\/\/games.tactic.net\/fr\/wp-json\/wp\/v2\/product"}],"about":[{"href":"https:\/\/games.tactic.net\/fr\/wp-json\/wp\/v2\/types\/product"}],"wp:attachment":[{"href":"https:\/\/games.tactic.net\/fr\/wp-json\/wp\/v2\/media?parent=1370187"}],"wp:term":[{"taxonomy":"product_brand","embeddable":true,"href":"https:\/\/games.tactic.net\/fr\/wp-json\/wp\/v2\/product_brand?post=1370187"},{"taxonomy":"product_cat","embeddable":true,"href":"https:\/\/games.tactic.net\/fr\/wp-json\/wp\/v2\/product_cat?post=1370187"},{"taxonomy":"product_tag","embeddable":true,"href":"https:\/\/games.tactic.net\/fr\/wp-json\/wp\/v2\/product_tag?post=1370187"},{"taxonomy":"brand","embeddable":true,"href":"https:\/\/games.tactic.net\/fr\/wp-json\/wp\/v2\/brand?post=1370187"},{"taxonomy":"target-group","embeddable":true,"href":"https:\/\/games.tactic.net\/fr\/wp-json\/wp\/v2\/target-group?post=1370187"},{"taxonomy":"discontinued","embeddable":true,"href":"https:\/\/games.tactic.net\/fr\/wp-json\/wp\/v2\/discontinued?post=1370187"}],"curies":[{"name":"wp","href":"https:\/\/api.w.org\/{rel}","templated":true}]}}