{"id":1370185,"date":"2026-04-09T11:30:56","date_gmt":"2026-04-09T08:30:56","guid":{"rendered":"https:\/\/games.tactic.net\/tuote\/plasto-set-waterwheel-tipper-truck-spade\/"},"modified":"2026-04-09T11:30:56","modified_gmt":"2026-04-09T08:30:56","slug":"plasto-set-waterwheel-tipper-truck-spade","status":"publish","type":"product","link":"https:\/\/games.tactic.net\/fr\/tuote\/plasto-set-waterwheel-tipper-truck-spade\/","title":{"rendered":"PLASTO Set Waterwheel, tipper truck  spade"},"content":{"rendered":"<p>Ce set d\u2019\u00e9t\u00e9 Plasto invite au jeu actif en ext\u00e9rieur ! Le set comprend une roue \u00e0 sable\/eau, un camion benne et une pelle. Hauteur de la roue 28 cm. Longueur du camion benne 22 cm. Longueur de la pelle 20 cm. \u00c2ge recommand\u00e9 1+. Fabriqu\u00e9 en Finlande.<\/p>\n","protected":false},"excerpt":{"rendered":"<p>Set : roue \u00e0 sable et \u00e0 eau, camion benne et pelle. Longueur du camion benne 22 cm.<\/p>\n","protected":false},"featured_media":0,"template":"","meta":{"content-type":"","_monsterinsights_skip_tracking":false,"_monsterinsights_sitenote_active":false,"_monsterinsights_sitenote_note":"","_monsterinsights_sitenote_category":0},"product_brand":[],"product_cat":[2372],"product_tag":[],"brand":[{"id":2373,"name":"Plasto","slug":"plasto"}],"target-group":[],"discontinued":[],"class_list":{"0":"post-1370185","1":"product","2":"type-product","3":"status-publish","5":"product_cat-plasto","6":"brand-plasto","8":"first","9":"instock","10":"taxable","11":"shipping-taxable","12":"product-type-simple"},"aioseo_notices":[],"_links":{"self":[{"href":"https:\/\/games.tactic.net\/fr\/wp-json\/wp\/v2\/product\/1370185","targetHints":{"allow":["GET"]}}],"collection":[{"href":"https:\/\/games.tactic.net\/fr\/wp-json\/wp\/v2\/product"}],"about":[{"href":"https:\/\/games.tactic.net\/fr\/wp-json\/wp\/v2\/types\/product"}],"wp:attachment":[{"href":"https:\/\/games.tactic.net\/fr\/wp-json\/wp\/v2\/media?parent=1370185"}],"wp:term":[{"taxonomy":"product_brand","embeddable":true,"href":"https:\/\/games.tactic.net\/fr\/wp-json\/wp\/v2\/product_brand?post=1370185"},{"taxonomy":"product_cat","embeddable":true,"href":"https:\/\/games.tactic.net\/fr\/wp-json\/wp\/v2\/product_cat?post=1370185"},{"taxonomy":"product_tag","embeddable":true,"href":"https:\/\/games.tactic.net\/fr\/wp-json\/wp\/v2\/product_tag?post=1370185"},{"taxonomy":"brand","embeddable":true,"href":"https:\/\/games.tactic.net\/fr\/wp-json\/wp\/v2\/brand?post=1370185"},{"taxonomy":"target-group","embeddable":true,"href":"https:\/\/games.tactic.net\/fr\/wp-json\/wp\/v2\/target-group?post=1370185"},{"taxonomy":"discontinued","embeddable":true,"href":"https:\/\/games.tactic.net\/fr\/wp-json\/wp\/v2\/discontinued?post=1370185"}],"curies":[{"name":"wp","href":"https:\/\/api.w.org\/{rel}","templated":true}]}}