{"id":1370173,"date":"2026-04-09T11:27:42","date_gmt":"2026-04-09T08:27:42","guid":{"rendered":"https:\/\/games.tactic.net\/tuote\/plasto-soft-neutrals-tractor-with-trailer-and-fron\/"},"modified":"2026-04-09T11:27:42","modified_gmt":"2026-04-09T08:27:42","slug":"plasto-soft-neutrals-tractor-with-trailer-and-fron","status":"publish","type":"product","link":"https:\/\/games.tactic.net\/fr\/tuote\/plasto-soft-neutrals-tractor-with-trailer-and-fron\/","title":{"rendered":"PLASTO Soft Neutrals Tractor with trailer and fron"},"content":{"rendered":"<p>\u00c9dition sp\u00e9ciale &#8211; Soft Neutrals ! Couleurs douces et apaisantes dans des tons naturels. Notre tracteur pr\u00e9f\u00e9r\u00e9 pour des heures de jeu actif ! Ce tracteur Plasto pratique et durable avec chargeuse frontale et remorque offre de nombreuses fonctionnalit\u00e9s ! Longueur 56,5 cm. Hauteur 16 cm. Largeur 16,5 cm. \u00c2ge recommand\u00e9 1+. Fabriqu\u00e9 en Finlande.<\/p>\n","protected":false},"excerpt":{"rendered":"<p>Un tracteur pratique et durable dans des couleurs douces et apaisantes.<\/p>\n","protected":false},"featured_media":0,"template":"","meta":{"content-type":"","_monsterinsights_skip_tracking":false,"_monsterinsights_sitenote_active":false,"_monsterinsights_sitenote_note":"","_monsterinsights_sitenote_category":0},"product_brand":[],"product_cat":[2372],"product_tag":[],"brand":[{"id":2373,"name":"Plasto","slug":"plasto"}],"target-group":[],"discontinued":[],"class_list":{"0":"post-1370173","1":"product","2":"type-product","3":"status-publish","5":"product_cat-plasto","6":"brand-plasto","8":"first","9":"instock","10":"taxable","11":"shipping-taxable","12":"product-type-simple"},"aioseo_notices":[],"_links":{"self":[{"href":"https:\/\/games.tactic.net\/fr\/wp-json\/wp\/v2\/product\/1370173","targetHints":{"allow":["GET"]}}],"collection":[{"href":"https:\/\/games.tactic.net\/fr\/wp-json\/wp\/v2\/product"}],"about":[{"href":"https:\/\/games.tactic.net\/fr\/wp-json\/wp\/v2\/types\/product"}],"wp:attachment":[{"href":"https:\/\/games.tactic.net\/fr\/wp-json\/wp\/v2\/media?parent=1370173"}],"wp:term":[{"taxonomy":"product_brand","embeddable":true,"href":"https:\/\/games.tactic.net\/fr\/wp-json\/wp\/v2\/product_brand?post=1370173"},{"taxonomy":"product_cat","embeddable":true,"href":"https:\/\/games.tactic.net\/fr\/wp-json\/wp\/v2\/product_cat?post=1370173"},{"taxonomy":"product_tag","embeddable":true,"href":"https:\/\/games.tactic.net\/fr\/wp-json\/wp\/v2\/product_tag?post=1370173"},{"taxonomy":"brand","embeddable":true,"href":"https:\/\/games.tactic.net\/fr\/wp-json\/wp\/v2\/brand?post=1370173"},{"taxonomy":"target-group","embeddable":true,"href":"https:\/\/games.tactic.net\/fr\/wp-json\/wp\/v2\/target-group?post=1370173"},{"taxonomy":"discontinued","embeddable":true,"href":"https:\/\/games.tactic.net\/fr\/wp-json\/wp\/v2\/discontinued?post=1370173"}],"curies":[{"name":"wp","href":"https:\/\/api.w.org\/{rel}","templated":true}]}}