{"id":1370167,"date":"2026-04-09T11:26:09","date_gmt":"2026-04-09T08:26:09","guid":{"rendered":"https:\/\/games.tactic.net\/tuote\/plasto-soft-neutrals-baby-swing\/"},"modified":"2026-04-09T11:26:09","modified_gmt":"2026-04-09T08:26:09","slug":"plasto-soft-neutrals-baby-swing","status":"publish","type":"product","link":"https:\/\/games.tactic.net\/fr\/tuote\/plasto-soft-neutrals-baby-swing\/","title":{"rendered":"PLASTO Soft Neutrals Baby Swing"},"content":{"rendered":"<p>\u00c9dition sp\u00e9ciale &#8211; Soft Neutrals ! Couleurs douces et apaisantes dans des tons naturels. Balan\u00e7oire b\u00e9b\u00e9 Plasto s\u00e9curis\u00e9e pour int\u00e9rieur et ext\u00e9rieur. Hauteur 26 cm. Largeur 35 cm. Poids maximum 25 kg. \u00c2ge 10 mois+. Fabriqu\u00e9 en Finlande.<\/p>\n","protected":false},"excerpt":{"rendered":"<p>Balan\u00e7oire b\u00e9b\u00e9 Plasto s\u00fbre dans des couleurs douces et apaisantes.<\/p>\n","protected":false},"featured_media":0,"template":"","meta":{"content-type":"","_monsterinsights_skip_tracking":false,"_monsterinsights_sitenote_active":false,"_monsterinsights_sitenote_note":"","_monsterinsights_sitenote_category":0},"product_brand":[],"product_cat":[2372],"product_tag":[],"brand":[{"id":2373,"name":"Plasto","slug":"plasto"}],"target-group":[],"discontinued":[],"class_list":{"0":"post-1370167","1":"product","2":"type-product","3":"status-publish","5":"product_cat-plasto","6":"brand-plasto","8":"first","9":"instock","10":"taxable","11":"shipping-taxable","12":"product-type-simple"},"aioseo_notices":[],"_links":{"self":[{"href":"https:\/\/games.tactic.net\/fr\/wp-json\/wp\/v2\/product\/1370167","targetHints":{"allow":["GET"]}}],"collection":[{"href":"https:\/\/games.tactic.net\/fr\/wp-json\/wp\/v2\/product"}],"about":[{"href":"https:\/\/games.tactic.net\/fr\/wp-json\/wp\/v2\/types\/product"}],"wp:attachment":[{"href":"https:\/\/games.tactic.net\/fr\/wp-json\/wp\/v2\/media?parent=1370167"}],"wp:term":[{"taxonomy":"product_brand","embeddable":true,"href":"https:\/\/games.tactic.net\/fr\/wp-json\/wp\/v2\/product_brand?post=1370167"},{"taxonomy":"product_cat","embeddable":true,"href":"https:\/\/games.tactic.net\/fr\/wp-json\/wp\/v2\/product_cat?post=1370167"},{"taxonomy":"product_tag","embeddable":true,"href":"https:\/\/games.tactic.net\/fr\/wp-json\/wp\/v2\/product_tag?post=1370167"},{"taxonomy":"brand","embeddable":true,"href":"https:\/\/games.tactic.net\/fr\/wp-json\/wp\/v2\/brand?post=1370167"},{"taxonomy":"target-group","embeddable":true,"href":"https:\/\/games.tactic.net\/fr\/wp-json\/wp\/v2\/target-group?post=1370167"},{"taxonomy":"discontinued","embeddable":true,"href":"https:\/\/games.tactic.net\/fr\/wp-json\/wp\/v2\/discontinued?post=1370167"}],"curies":[{"name":"wp","href":"https:\/\/api.w.org\/{rel}","templated":true}]}}