{"id":1370164,"date":"2026-04-09T11:25:22","date_gmt":"2026-04-09T08:25:22","guid":{"rendered":"https:\/\/games.tactic.net\/tuote\/plasto-shoveldozer-1623-dumper-1690-ass\/"},"modified":"2026-04-09T11:25:22","modified_gmt":"2026-04-09T08:25:22","slug":"plasto-shoveldozer-1623-dumper-1690-ass","status":"publish","type":"product","link":"https:\/\/games.tactic.net\/fr\/tuote\/plasto-shoveldozer-1623-dumper-1690-ass\/","title":{"rendered":"PLASTO Shoveldozer 1623, Dumper 1690 ass."},"content":{"rendered":"<p>Assortiment de v\u00e9hicules Plasto : dumper et bulldozer avec pelle robustes dans un format pratique. Longueur 23 cm. Choisissez votre pr\u00e9f\u00e9r\u00e9 ou les deux ! \u00c2ge recommand\u00e9 1+. Fabriqu\u00e9 en Finlande.<\/p>\n","protected":false},"excerpt":{"rendered":"<p>Shoveldozer 1623, Dumper 1690 assortis en pr\u00e9sentoir. Longueur des v\u00e9hicules 23 cm.<\/p>\n","protected":false},"featured_media":0,"template":"","meta":{"content-type":"","_monsterinsights_skip_tracking":false,"_monsterinsights_sitenote_active":false,"_monsterinsights_sitenote_note":"","_monsterinsights_sitenote_category":0},"product_brand":[],"product_cat":[2372],"product_tag":[],"brand":[{"id":2373,"name":"Plasto","slug":"plasto"}],"target-group":[],"discontinued":[],"class_list":{"0":"post-1370164","1":"product","2":"type-product","3":"status-publish","5":"product_cat-plasto","6":"brand-plasto","8":"first","9":"instock","10":"taxable","11":"shipping-taxable","12":"product-type-simple"},"aioseo_notices":[],"_links":{"self":[{"href":"https:\/\/games.tactic.net\/fr\/wp-json\/wp\/v2\/product\/1370164","targetHints":{"allow":["GET"]}}],"collection":[{"href":"https:\/\/games.tactic.net\/fr\/wp-json\/wp\/v2\/product"}],"about":[{"href":"https:\/\/games.tactic.net\/fr\/wp-json\/wp\/v2\/types\/product"}],"wp:attachment":[{"href":"https:\/\/games.tactic.net\/fr\/wp-json\/wp\/v2\/media?parent=1370164"}],"wp:term":[{"taxonomy":"product_brand","embeddable":true,"href":"https:\/\/games.tactic.net\/fr\/wp-json\/wp\/v2\/product_brand?post=1370164"},{"taxonomy":"product_cat","embeddable":true,"href":"https:\/\/games.tactic.net\/fr\/wp-json\/wp\/v2\/product_cat?post=1370164"},{"taxonomy":"product_tag","embeddable":true,"href":"https:\/\/games.tactic.net\/fr\/wp-json\/wp\/v2\/product_tag?post=1370164"},{"taxonomy":"brand","embeddable":true,"href":"https:\/\/games.tactic.net\/fr\/wp-json\/wp\/v2\/brand?post=1370164"},{"taxonomy":"target-group","embeddable":true,"href":"https:\/\/games.tactic.net\/fr\/wp-json\/wp\/v2\/target-group?post=1370164"},{"taxonomy":"discontinued","embeddable":true,"href":"https:\/\/games.tactic.net\/fr\/wp-json\/wp\/v2\/discontinued?post=1370164"}],"curies":[{"name":"wp","href":"https:\/\/api.w.org\/{rel}","templated":true}]}}