{"id":1370161,"date":"2026-04-09T11:24:34","date_gmt":"2026-04-09T08:24:34","guid":{"rendered":"https:\/\/games.tactic.net\/tuote\/plasto-toddler-off-road-police-se-n0-fi\/"},"modified":"2026-04-09T11:24:34","modified_gmt":"2026-04-09T08:24:34","slug":"plasto-toddler-off-road-police-se-n0-fi","status":"publish","type":"product","link":"https:\/\/games.tactic.net\/fr\/tuote\/plasto-toddler-off-road-police-se-n0-fi\/","title":{"rendered":"PLASTO Toddler Off-road Police (SE, N0, FI)"},"content":{"rendered":"<p>V\u00e9hicule de police tout-terrain Plasto pour tout-petits avec roues silencieuses et espace de rangement sous le si\u00e8ge. Hauteur du sol \u00e0 l\u2019assise 22 cm. \u00c2ge recommand\u00e9 1+. Fabriqu\u00e9 en Finlande.<\/p>\n","protected":false},"excerpt":{"rendered":"<p>V\u00e9hicule de police tout-terrain pour tout-petits, roues silencieuses ! (Su\u00e8de, Norv\u00e8ge, Finlande). Longueur 60 cm, hauteur du sol \u00e0 l\u2019assise 22 cm. Assemblage par un adulte requis.<\/p>\n","protected":false},"featured_media":0,"template":"","meta":{"content-type":"","_monsterinsights_skip_tracking":false,"_monsterinsights_sitenote_active":false,"_monsterinsights_sitenote_note":"","_monsterinsights_sitenote_category":0},"product_brand":[],"product_cat":[2372],"product_tag":[],"brand":[{"id":2373,"name":"Plasto","slug":"plasto"}],"target-group":[],"discontinued":[],"class_list":{"0":"post-1370161","1":"product","2":"type-product","3":"status-publish","5":"product_cat-plasto","6":"brand-plasto","8":"first","9":"instock","10":"taxable","11":"shipping-taxable","12":"product-type-simple"},"aioseo_notices":[],"_links":{"self":[{"href":"https:\/\/games.tactic.net\/fr\/wp-json\/wp\/v2\/product\/1370161","targetHints":{"allow":["GET"]}}],"collection":[{"href":"https:\/\/games.tactic.net\/fr\/wp-json\/wp\/v2\/product"}],"about":[{"href":"https:\/\/games.tactic.net\/fr\/wp-json\/wp\/v2\/types\/product"}],"wp:attachment":[{"href":"https:\/\/games.tactic.net\/fr\/wp-json\/wp\/v2\/media?parent=1370161"}],"wp:term":[{"taxonomy":"product_brand","embeddable":true,"href":"https:\/\/games.tactic.net\/fr\/wp-json\/wp\/v2\/product_brand?post=1370161"},{"taxonomy":"product_cat","embeddable":true,"href":"https:\/\/games.tactic.net\/fr\/wp-json\/wp\/v2\/product_cat?post=1370161"},{"taxonomy":"product_tag","embeddable":true,"href":"https:\/\/games.tactic.net\/fr\/wp-json\/wp\/v2\/product_tag?post=1370161"},{"taxonomy":"brand","embeddable":true,"href":"https:\/\/games.tactic.net\/fr\/wp-json\/wp\/v2\/brand?post=1370161"},{"taxonomy":"target-group","embeddable":true,"href":"https:\/\/games.tactic.net\/fr\/wp-json\/wp\/v2\/target-group?post=1370161"},{"taxonomy":"discontinued","embeddable":true,"href":"https:\/\/games.tactic.net\/fr\/wp-json\/wp\/v2\/discontinued?post=1370161"}],"curies":[{"name":"wp","href":"https:\/\/api.w.org\/{rel}","templated":true}]}}