{"id":1370154,"date":"2026-04-09T11:22:42","date_gmt":"2026-04-09T08:22:42","guid":{"rendered":"https:\/\/games.tactic.net\/tuote\/plasto-soft-neutrals-baby-walker\/"},"modified":"2026-04-09T11:22:42","modified_gmt":"2026-04-09T08:22:42","slug":"plasto-soft-neutrals-baby-walker","status":"publish","type":"product","link":"https:\/\/games.tactic.net\/fr\/tuote\/plasto-soft-neutrals-baby-walker\/","title":{"rendered":"PLASTO Soft Neutrals Baby Walker"},"content":{"rendered":"<p>\u00c9dition sp\u00e9ciale &#8211; Soft Neutrals ! Couleurs douces et apaisantes dans des tons naturels. Trotteur pour b\u00e9b\u00e9 avec roues silencieuses. Hauteur 48 cm. Longueur 48 cm. Assemblage par un adulte requis. \u00c2ge recommand\u00e9 10 mois+. Fabriqu\u00e9 en Finlande.<\/p>\n","protected":false},"excerpt":{"rendered":"<p>Trotteur pour b\u00e9b\u00e9 de haute qualit\u00e9 dans des couleurs douces et apaisantes.<\/p>\n","protected":false},"featured_media":0,"template":"","meta":{"content-type":"","_monsterinsights_skip_tracking":false,"_monsterinsights_sitenote_active":false,"_monsterinsights_sitenote_note":"","_monsterinsights_sitenote_category":0},"product_brand":[],"product_cat":[2372],"product_tag":[],"brand":[{"id":2373,"name":"Plasto","slug":"plasto"}],"target-group":[],"discontinued":[],"class_list":{"0":"post-1370154","1":"product","2":"type-product","3":"status-publish","5":"product_cat-plasto","6":"brand-plasto","8":"first","9":"instock","10":"taxable","11":"shipping-taxable","12":"product-type-simple"},"aioseo_notices":[],"_links":{"self":[{"href":"https:\/\/games.tactic.net\/fr\/wp-json\/wp\/v2\/product\/1370154","targetHints":{"allow":["GET"]}}],"collection":[{"href":"https:\/\/games.tactic.net\/fr\/wp-json\/wp\/v2\/product"}],"about":[{"href":"https:\/\/games.tactic.net\/fr\/wp-json\/wp\/v2\/types\/product"}],"wp:attachment":[{"href":"https:\/\/games.tactic.net\/fr\/wp-json\/wp\/v2\/media?parent=1370154"}],"wp:term":[{"taxonomy":"product_brand","embeddable":true,"href":"https:\/\/games.tactic.net\/fr\/wp-json\/wp\/v2\/product_brand?post=1370154"},{"taxonomy":"product_cat","embeddable":true,"href":"https:\/\/games.tactic.net\/fr\/wp-json\/wp\/v2\/product_cat?post=1370154"},{"taxonomy":"product_tag","embeddable":true,"href":"https:\/\/games.tactic.net\/fr\/wp-json\/wp\/v2\/product_tag?post=1370154"},{"taxonomy":"brand","embeddable":true,"href":"https:\/\/games.tactic.net\/fr\/wp-json\/wp\/v2\/brand?post=1370154"},{"taxonomy":"target-group","embeddable":true,"href":"https:\/\/games.tactic.net\/fr\/wp-json\/wp\/v2\/target-group?post=1370154"},{"taxonomy":"discontinued","embeddable":true,"href":"https:\/\/games.tactic.net\/fr\/wp-json\/wp\/v2\/discontinued?post=1370154"}],"curies":[{"name":"wp","href":"https:\/\/api.w.org\/{rel}","templated":true}]}}