{"id":1370150,"date":"2026-04-09T11:21:43","date_gmt":"2026-04-09T08:21:43","guid":{"rendered":"https:\/\/games.tactic.net\/tuote\/plasto-rake-with-wooden-handle-80-cm\/"},"modified":"2026-04-09T11:21:43","modified_gmt":"2026-04-09T08:21:43","slug":"plasto-rake-with-wooden-handle-80-cm","status":"publish","type":"product","link":"https:\/\/games.tactic.net\/fr\/tuote\/plasto-rake-with-wooden-handle-80-cm\/","title":{"rendered":"PLASTO Rake with wooden handle, 80 cm"},"content":{"rendered":"<p>Pour le jardin ! R\u00e2teau \u00e0 feuilles Plasto de haute qualit\u00e9 avec manche en bois. Longueur 80 cm. Couleurs assorties. Fabriqu\u00e9 en Finlande. \u00c2ge recommand\u00e9 1+.<\/p>\n","protected":false},"excerpt":{"rendered":"<p>R\u00e2teau avec manche en bois, 80 cm, couleurs assorties.<\/p>\n","protected":false},"featured_media":0,"template":"","meta":{"content-type":"","_monsterinsights_skip_tracking":false,"_monsterinsights_sitenote_active":false,"_monsterinsights_sitenote_note":"","_monsterinsights_sitenote_category":0},"product_brand":[],"product_cat":[2372],"product_tag":[],"brand":[{"id":2373,"name":"Plasto","slug":"plasto"}],"target-group":[],"discontinued":[],"class_list":{"0":"post-1370150","1":"product","2":"type-product","3":"status-publish","5":"product_cat-plasto","6":"brand-plasto","8":"first","9":"instock","10":"taxable","11":"shipping-taxable","12":"product-type-simple"},"aioseo_notices":[],"_links":{"self":[{"href":"https:\/\/games.tactic.net\/fr\/wp-json\/wp\/v2\/product\/1370150","targetHints":{"allow":["GET"]}}],"collection":[{"href":"https:\/\/games.tactic.net\/fr\/wp-json\/wp\/v2\/product"}],"about":[{"href":"https:\/\/games.tactic.net\/fr\/wp-json\/wp\/v2\/types\/product"}],"wp:attachment":[{"href":"https:\/\/games.tactic.net\/fr\/wp-json\/wp\/v2\/media?parent=1370150"}],"wp:term":[{"taxonomy":"product_brand","embeddable":true,"href":"https:\/\/games.tactic.net\/fr\/wp-json\/wp\/v2\/product_brand?post=1370150"},{"taxonomy":"product_cat","embeddable":true,"href":"https:\/\/games.tactic.net\/fr\/wp-json\/wp\/v2\/product_cat?post=1370150"},{"taxonomy":"product_tag","embeddable":true,"href":"https:\/\/games.tactic.net\/fr\/wp-json\/wp\/v2\/product_tag?post=1370150"},{"taxonomy":"brand","embeddable":true,"href":"https:\/\/games.tactic.net\/fr\/wp-json\/wp\/v2\/brand?post=1370150"},{"taxonomy":"target-group","embeddable":true,"href":"https:\/\/games.tactic.net\/fr\/wp-json\/wp\/v2\/target-group?post=1370150"},{"taxonomy":"discontinued","embeddable":true,"href":"https:\/\/games.tactic.net\/fr\/wp-json\/wp\/v2\/discontinued?post=1370150"}],"curies":[{"name":"wp","href":"https:\/\/api.w.org\/{rel}","templated":true}]}}