{"id":1370141,"date":"2026-04-09T11:18:57","date_gmt":"2026-04-09T08:18:57","guid":{"rendered":"https:\/\/games.tactic.net\/tuote\/plasto-tractor-and-sand-toys-4-parts\/"},"modified":"2026-04-09T11:18:57","modified_gmt":"2026-04-09T08:18:57","slug":"plasto-tractor-and-sand-toys-4-parts","status":"publish","type":"product","link":"https:\/\/games.tactic.net\/fr\/tuote\/plasto-tractor-and-sand-toys-4-parts\/","title":{"rendered":"PLASTO Tractor and sand toys, 4 parts"},"content":{"rendered":"<p>Ce set Plasto amusant avec tracteur et jouets de sable comprend 4 pi\u00e8ces : tracteur, seau, pelle et moule \u00e0 sable. Longueur du tracteur avec chargeuse frontale 32 cm. Capacit\u00e9 du seau 1,2 L. Longueur de la pelle 25 cm. \u00c2ge recommand\u00e9 1+. Fabriqu\u00e9 en Finlande.<\/p>\n","protected":false},"excerpt":{"rendered":"<p>Tracteur et jouets de sable, 4 pi\u00e8ces. Longueur du tracteur 32 cm.<\/p>\n","protected":false},"featured_media":0,"template":"","meta":{"content-type":"","_monsterinsights_skip_tracking":false,"_monsterinsights_sitenote_active":false,"_monsterinsights_sitenote_note":"","_monsterinsights_sitenote_category":0},"product_brand":[],"product_cat":[2372],"product_tag":[],"brand":[{"id":2373,"name":"Plasto","slug":"plasto"}],"target-group":[],"discontinued":[],"class_list":{"0":"post-1370141","1":"product","2":"type-product","3":"status-publish","5":"product_cat-plasto","6":"brand-plasto","8":"first","9":"instock","10":"taxable","11":"shipping-taxable","12":"product-type-simple"},"aioseo_notices":[],"_links":{"self":[{"href":"https:\/\/games.tactic.net\/fr\/wp-json\/wp\/v2\/product\/1370141","targetHints":{"allow":["GET"]}}],"collection":[{"href":"https:\/\/games.tactic.net\/fr\/wp-json\/wp\/v2\/product"}],"about":[{"href":"https:\/\/games.tactic.net\/fr\/wp-json\/wp\/v2\/types\/product"}],"wp:attachment":[{"href":"https:\/\/games.tactic.net\/fr\/wp-json\/wp\/v2\/media?parent=1370141"}],"wp:term":[{"taxonomy":"product_brand","embeddable":true,"href":"https:\/\/games.tactic.net\/fr\/wp-json\/wp\/v2\/product_brand?post=1370141"},{"taxonomy":"product_cat","embeddable":true,"href":"https:\/\/games.tactic.net\/fr\/wp-json\/wp\/v2\/product_cat?post=1370141"},{"taxonomy":"product_tag","embeddable":true,"href":"https:\/\/games.tactic.net\/fr\/wp-json\/wp\/v2\/product_tag?post=1370141"},{"taxonomy":"brand","embeddable":true,"href":"https:\/\/games.tactic.net\/fr\/wp-json\/wp\/v2\/brand?post=1370141"},{"taxonomy":"target-group","embeddable":true,"href":"https:\/\/games.tactic.net\/fr\/wp-json\/wp\/v2\/target-group?post=1370141"},{"taxonomy":"discontinued","embeddable":true,"href":"https:\/\/games.tactic.net\/fr\/wp-json\/wp\/v2\/discontinued?post=1370141"}],"curies":[{"name":"wp","href":"https:\/\/api.w.org\/{rel}","templated":true}]}}