{"id":1370139,"date":"2026-04-09T11:18:20","date_gmt":"2026-04-09T08:18:20","guid":{"rendered":"https:\/\/games.tactic.net\/tuote\/plasto-tipper-truck-set-bioplastic\/"},"modified":"2026-04-09T11:18:20","modified_gmt":"2026-04-09T08:18:20","slug":"plasto-tipper-truck-set-bioplastic","status":"publish","type":"product","link":"https:\/\/games.tactic.net\/fr\/tuote\/plasto-tipper-truck-set-bioplastic\/","title":{"rendered":"PLASTO Tipper Truck Set Bioplastic"},"content":{"rendered":"<p>Un choix durable ! Le set Plasto avec camion benne et jouets de sable invite au jeu cr\u00e9atif ! Le set comprend 4 pi\u00e8ces. Longueur du camion benne de haute qualit\u00e9 30 cm. Comprend \u00e9galement un seau durable, une pelle et un moule \u00e0 sable. Capacit\u00e9 du seau 1,2 L. Longueur de la pelle 20 cm. \u00c2ge recommand\u00e9 1+. Le plastique est fabriqu\u00e9 \u00e0 partir de canne \u00e0 sucre, une ressource 100 % renouvelable. Fabriqu\u00e9 en Finlande.<\/p>\n","protected":false},"excerpt":{"rendered":"<p>Set de sable avec camion benne, 4 pi\u00e8ces. Longueur du camion benne 30 cm. Bioplastique fabriqu\u00e9 \u00e0 partir de canne \u00e0 sucre.<\/p>\n","protected":false},"featured_media":0,"template":"","meta":{"content-type":"","_monsterinsights_skip_tracking":false,"_monsterinsights_sitenote_active":false,"_monsterinsights_sitenote_note":"","_monsterinsights_sitenote_category":0},"product_brand":[],"product_cat":[2372],"product_tag":[],"brand":[{"id":2373,"name":"Plasto","slug":"plasto"}],"target-group":[],"discontinued":[],"class_list":{"0":"post-1370139","1":"product","2":"type-product","3":"status-publish","5":"product_cat-plasto","6":"brand-plasto","8":"first","9":"instock","10":"taxable","11":"shipping-taxable","12":"product-type-simple"},"aioseo_notices":[],"_links":{"self":[{"href":"https:\/\/games.tactic.net\/fr\/wp-json\/wp\/v2\/product\/1370139","targetHints":{"allow":["GET"]}}],"collection":[{"href":"https:\/\/games.tactic.net\/fr\/wp-json\/wp\/v2\/product"}],"about":[{"href":"https:\/\/games.tactic.net\/fr\/wp-json\/wp\/v2\/types\/product"}],"wp:attachment":[{"href":"https:\/\/games.tactic.net\/fr\/wp-json\/wp\/v2\/media?parent=1370139"}],"wp:term":[{"taxonomy":"product_brand","embeddable":true,"href":"https:\/\/games.tactic.net\/fr\/wp-json\/wp\/v2\/product_brand?post=1370139"},{"taxonomy":"product_cat","embeddable":true,"href":"https:\/\/games.tactic.net\/fr\/wp-json\/wp\/v2\/product_cat?post=1370139"},{"taxonomy":"product_tag","embeddable":true,"href":"https:\/\/games.tactic.net\/fr\/wp-json\/wp\/v2\/product_tag?post=1370139"},{"taxonomy":"brand","embeddable":true,"href":"https:\/\/games.tactic.net\/fr\/wp-json\/wp\/v2\/brand?post=1370139"},{"taxonomy":"target-group","embeddable":true,"href":"https:\/\/games.tactic.net\/fr\/wp-json\/wp\/v2\/target-group?post=1370139"},{"taxonomy":"discontinued","embeddable":true,"href":"https:\/\/games.tactic.net\/fr\/wp-json\/wp\/v2\/discontinued?post=1370139"}],"curies":[{"name":"wp","href":"https:\/\/api.w.org\/{rel}","templated":true}]}}