{"id":1370138,"date":"2026-04-09T11:18:00","date_gmt":"2026-04-09T08:18:00","guid":{"rendered":"https:\/\/games.tactic.net\/tuote\/plasto-bucket-set-bioplastic\/"},"modified":"2026-04-09T11:18:00","modified_gmt":"2026-04-09T08:18:00","slug":"plasto-bucket-set-bioplastic","status":"publish","type":"product","link":"https:\/\/games.tactic.net\/fr\/tuote\/plasto-bucket-set-bioplastic\/","title":{"rendered":"PLASTO Bucket Set Bioplastic"},"content":{"rendered":"<p>Un choix durable ! Set Plasto de haute qualit\u00e9 comprenant un seau, une pelle et un moule \u00e0 sable. 3 pi\u00e8ces. Capacit\u00e9 du seau 1,2 L. Longueur de la pelle 20 cm. Bioplastique. Le plastique de ce jouet est fabriqu\u00e9 \u00e0 partir de canne \u00e0 sucre, une ressource 100 % renouvelable. Fabriqu\u00e9 en Finlande.<\/p>\n","protected":false},"excerpt":{"rendered":"<p>Set seau, 3 pi\u00e8ces. Bioplastique fabriqu\u00e9 \u00e0 partir de canne \u00e0 sucre.<\/p>\n","protected":false},"featured_media":0,"template":"","meta":{"content-type":"","_monsterinsights_skip_tracking":false,"_monsterinsights_sitenote_active":false,"_monsterinsights_sitenote_note":"","_monsterinsights_sitenote_category":0},"product_brand":[],"product_cat":[2372],"product_tag":[],"brand":[{"id":2373,"name":"Plasto","slug":"plasto"}],"target-group":[],"discontinued":[],"class_list":{"0":"post-1370138","1":"product","2":"type-product","3":"status-publish","5":"product_cat-plasto","6":"brand-plasto","8":"first","9":"instock","10":"taxable","11":"shipping-taxable","12":"product-type-simple"},"aioseo_notices":[],"_links":{"self":[{"href":"https:\/\/games.tactic.net\/fr\/wp-json\/wp\/v2\/product\/1370138","targetHints":{"allow":["GET"]}}],"collection":[{"href":"https:\/\/games.tactic.net\/fr\/wp-json\/wp\/v2\/product"}],"about":[{"href":"https:\/\/games.tactic.net\/fr\/wp-json\/wp\/v2\/types\/product"}],"wp:attachment":[{"href":"https:\/\/games.tactic.net\/fr\/wp-json\/wp\/v2\/media?parent=1370138"}],"wp:term":[{"taxonomy":"product_brand","embeddable":true,"href":"https:\/\/games.tactic.net\/fr\/wp-json\/wp\/v2\/product_brand?post=1370138"},{"taxonomy":"product_cat","embeddable":true,"href":"https:\/\/games.tactic.net\/fr\/wp-json\/wp\/v2\/product_cat?post=1370138"},{"taxonomy":"product_tag","embeddable":true,"href":"https:\/\/games.tactic.net\/fr\/wp-json\/wp\/v2\/product_tag?post=1370138"},{"taxonomy":"brand","embeddable":true,"href":"https:\/\/games.tactic.net\/fr\/wp-json\/wp\/v2\/brand?post=1370138"},{"taxonomy":"target-group","embeddable":true,"href":"https:\/\/games.tactic.net\/fr\/wp-json\/wp\/v2\/target-group?post=1370138"},{"taxonomy":"discontinued","embeddable":true,"href":"https:\/\/games.tactic.net\/fr\/wp-json\/wp\/v2\/discontinued?post=1370138"}],"curies":[{"name":"wp","href":"https:\/\/api.w.org\/{rel}","templated":true}]}}