{"id":1370135,"date":"2026-04-09T11:17:17","date_gmt":"2026-04-09T08:17:17","guid":{"rendered":"https:\/\/games.tactic.net\/tuote\/plasto-frontloader-set-bioplastic\/"},"modified":"2026-04-09T11:17:17","modified_gmt":"2026-04-09T08:17:17","slug":"plasto-frontloader-set-bioplastic","status":"publish","type":"product","link":"https:\/\/games.tactic.net\/fr\/tuote\/plasto-frontloader-set-bioplastic\/","title":{"rendered":"PLASTO Frontloader Set Bioplastic"},"content":{"rendered":"<p>Un choix durable ! Le set Plasto avec chargeuse frontale et jouets de sable invite au jeu actif en ext\u00e9rieur ! Le set comprend 4 pi\u00e8ces de haute qualit\u00e9. Longueur de la chargeuse 30 cm. Longueur de la pelle 20 cm. \u00c2ge recommand\u00e9 1+. Bioplastique. Le plastique de ce jouet est fabriqu\u00e9 \u00e0 partir de canne \u00e0 sucre, une ressource 100 % renouvelable. Fabriqu\u00e9 en Finlande.<\/p>\n","protected":false},"excerpt":{"rendered":"<p>Set : chargeuse frontale avec pelle et moules \u00e0 sable, 4 pi\u00e8ces. Longueur de la chargeuse 30 cm. Bioplastique fabriqu\u00e9 \u00e0 partir de canne \u00e0 sucre.<\/p>\n","protected":false},"featured_media":0,"template":"","meta":{"content-type":"","_monsterinsights_skip_tracking":false,"_monsterinsights_sitenote_active":false,"_monsterinsights_sitenote_note":"","_monsterinsights_sitenote_category":0},"product_brand":[],"product_cat":[2372],"product_tag":[],"brand":[{"id":2373,"name":"Plasto","slug":"plasto"}],"target-group":[],"discontinued":[],"class_list":{"0":"post-1370135","1":"product","2":"type-product","3":"status-publish","5":"product_cat-plasto","6":"brand-plasto","8":"first","9":"instock","10":"taxable","11":"shipping-taxable","12":"product-type-simple"},"aioseo_notices":[],"_links":{"self":[{"href":"https:\/\/games.tactic.net\/fr\/wp-json\/wp\/v2\/product\/1370135","targetHints":{"allow":["GET"]}}],"collection":[{"href":"https:\/\/games.tactic.net\/fr\/wp-json\/wp\/v2\/product"}],"about":[{"href":"https:\/\/games.tactic.net\/fr\/wp-json\/wp\/v2\/types\/product"}],"wp:attachment":[{"href":"https:\/\/games.tactic.net\/fr\/wp-json\/wp\/v2\/media?parent=1370135"}],"wp:term":[{"taxonomy":"product_brand","embeddable":true,"href":"https:\/\/games.tactic.net\/fr\/wp-json\/wp\/v2\/product_brand?post=1370135"},{"taxonomy":"product_cat","embeddable":true,"href":"https:\/\/games.tactic.net\/fr\/wp-json\/wp\/v2\/product_cat?post=1370135"},{"taxonomy":"product_tag","embeddable":true,"href":"https:\/\/games.tactic.net\/fr\/wp-json\/wp\/v2\/product_tag?post=1370135"},{"taxonomy":"brand","embeddable":true,"href":"https:\/\/games.tactic.net\/fr\/wp-json\/wp\/v2\/brand?post=1370135"},{"taxonomy":"target-group","embeddable":true,"href":"https:\/\/games.tactic.net\/fr\/wp-json\/wp\/v2\/target-group?post=1370135"},{"taxonomy":"discontinued","embeddable":true,"href":"https:\/\/games.tactic.net\/fr\/wp-json\/wp\/v2\/discontinued?post=1370135"}],"curies":[{"name":"wp","href":"https:\/\/api.w.org\/{rel}","templated":true}]}}