{"id":1370133,"date":"2026-04-09T11:16:44","date_gmt":"2026-04-09T08:16:44","guid":{"rendered":"https:\/\/games.tactic.net\/tuote\/plasto-sit-ride-digger\/"},"modified":"2026-04-09T11:16:44","modified_gmt":"2026-04-09T08:16:44","slug":"plasto-sit-ride-digger","status":"publish","type":"product","link":"https:\/\/games.tactic.net\/fr\/tuote\/plasto-sit-ride-digger\/","title":{"rendered":"PLASTO Sit  Ride Digger"},"content":{"rendered":"<p>La grande pelleteuse Plasto, solide et robuste, offre une excellente valeur de jeu et invite \u00e0 des heures de jeu actif en ext\u00e9rieur ! La pelleteuse pivote \u00e0 360 degr\u00e9s. Hauteur du sol \u00e0 l\u2019assise 27 cm. Poids maximum 100 kg. \u00c2ge recommand\u00e9 2+. \u00c0 assembler par un adulte. Fabriqu\u00e9e en Finlande.<\/p>\n","protected":false},"excerpt":{"rendered":"<p>Porteur Digger, hauteur du sol \u00e0 l\u2019assise 27 cm.<\/p>\n","protected":false},"featured_media":0,"template":"","meta":{"content-type":"","_monsterinsights_skip_tracking":false,"_monsterinsights_sitenote_active":false,"_monsterinsights_sitenote_note":"","_monsterinsights_sitenote_category":0},"product_brand":[],"product_cat":[2372],"product_tag":[],"brand":[{"id":2373,"name":"Plasto","slug":"plasto"}],"target-group":[],"discontinued":[],"class_list":{"0":"post-1370133","1":"product","2":"type-product","3":"status-publish","5":"product_cat-plasto","6":"brand-plasto","8":"first","9":"instock","10":"taxable","11":"shipping-taxable","12":"product-type-simple"},"aioseo_notices":[],"_links":{"self":[{"href":"https:\/\/games.tactic.net\/fr\/wp-json\/wp\/v2\/product\/1370133","targetHints":{"allow":["GET"]}}],"collection":[{"href":"https:\/\/games.tactic.net\/fr\/wp-json\/wp\/v2\/product"}],"about":[{"href":"https:\/\/games.tactic.net\/fr\/wp-json\/wp\/v2\/types\/product"}],"wp:attachment":[{"href":"https:\/\/games.tactic.net\/fr\/wp-json\/wp\/v2\/media?parent=1370133"}],"wp:term":[{"taxonomy":"product_brand","embeddable":true,"href":"https:\/\/games.tactic.net\/fr\/wp-json\/wp\/v2\/product_brand?post=1370133"},{"taxonomy":"product_cat","embeddable":true,"href":"https:\/\/games.tactic.net\/fr\/wp-json\/wp\/v2\/product_cat?post=1370133"},{"taxonomy":"product_tag","embeddable":true,"href":"https:\/\/games.tactic.net\/fr\/wp-json\/wp\/v2\/product_tag?post=1370133"},{"taxonomy":"brand","embeddable":true,"href":"https:\/\/games.tactic.net\/fr\/wp-json\/wp\/v2\/brand?post=1370133"},{"taxonomy":"target-group","embeddable":true,"href":"https:\/\/games.tactic.net\/fr\/wp-json\/wp\/v2\/target-group?post=1370133"},{"taxonomy":"discontinued","embeddable":true,"href":"https:\/\/games.tactic.net\/fr\/wp-json\/wp\/v2\/discontinued?post=1370133"}],"curies":[{"name":"wp","href":"https:\/\/api.w.org\/{rel}","templated":true}]}}