{"id":1370132,"date":"2026-04-09T11:16:27","date_gmt":"2026-04-09T08:16:27","guid":{"rendered":"https:\/\/games.tactic.net\/tuote\/molkky-go\/"},"modified":"2026-04-09T11:16:27","modified_gmt":"2026-04-09T08:16:27","slug":"molkky-go","status":"publish","type":"product","link":"https:\/\/games.tactic.net\/fr\/tuote\/molkky-go\/","title":{"rendered":"M\u00f6lkky\u00ae GO"},"content":{"rendered":"<p>Le jeu d\u2019ext\u00e9rieur le plus populaire, M\u00f6lkky\u00ae, est un classique durable. Fabriqu\u00e9 \u00e0 partir de mat\u00e9riaux 100 % recyclables, c\u2019est un choix responsable, tout en restant un jeu appr\u00e9ci\u00e9 par des joueurs de tous \u00e2ges !<\/p>\n","protected":false},"excerpt":{"rendered":"<p>M\u00f6lkky\u00ae est un jeu d\u2019ext\u00e9rieur intemporel. Ce classique peut \u00eatre appr\u00e9ci\u00e9 par des joueurs de tous \u00e2ges et de tous niveaux !<\/p>\n","protected":false},"featured_media":0,"template":"","meta":{"content-type":"","_monsterinsights_skip_tracking":false,"_monsterinsights_sitenote_active":false,"_monsterinsights_sitenote_note":"","_monsterinsights_sitenote_category":0},"product_brand":[],"product_cat":[1845],"product_tag":[373,578,370,898],"brand":[{"id":1196,"name":"M\u00f6lkky","slug":"molkky_fr"}],"target-group":[],"discontinued":[],"class_list":{"0":"post-1370132","1":"product","2":"type-product","3":"status-publish","5":"product_cat-molkky-jeux-dexterieur","6":"product_tag-calcul","7":"product_tag-habilete","8":"product_tag-strategie","9":"product_tag-tactique","10":"brand-molkky_fr","12":"first","13":"outofstock","14":"taxable","15":"shipping-taxable","16":"product-type-simple"},"aioseo_notices":[],"_links":{"self":[{"href":"https:\/\/games.tactic.net\/fr\/wp-json\/wp\/v2\/product\/1370132","targetHints":{"allow":["GET"]}}],"collection":[{"href":"https:\/\/games.tactic.net\/fr\/wp-json\/wp\/v2\/product"}],"about":[{"href":"https:\/\/games.tactic.net\/fr\/wp-json\/wp\/v2\/types\/product"}],"wp:attachment":[{"href":"https:\/\/games.tactic.net\/fr\/wp-json\/wp\/v2\/media?parent=1370132"}],"wp:term":[{"taxonomy":"product_brand","embeddable":true,"href":"https:\/\/games.tactic.net\/fr\/wp-json\/wp\/v2\/product_brand?post=1370132"},{"taxonomy":"product_cat","embeddable":true,"href":"https:\/\/games.tactic.net\/fr\/wp-json\/wp\/v2\/product_cat?post=1370132"},{"taxonomy":"product_tag","embeddable":true,"href":"https:\/\/games.tactic.net\/fr\/wp-json\/wp\/v2\/product_tag?post=1370132"},{"taxonomy":"brand","embeddable":true,"href":"https:\/\/games.tactic.net\/fr\/wp-json\/wp\/v2\/brand?post=1370132"},{"taxonomy":"target-group","embeddable":true,"href":"https:\/\/games.tactic.net\/fr\/wp-json\/wp\/v2\/target-group?post=1370132"},{"taxonomy":"discontinued","embeddable":true,"href":"https:\/\/games.tactic.net\/fr\/wp-json\/wp\/v2\/discontinued?post=1370132"}],"curies":[{"name":"wp","href":"https:\/\/api.w.org\/{rel}","templated":true}]}}