{"id":1370130,"date":"2026-04-09T11:16:02","date_gmt":"2026-04-09T08:16:02","guid":{"rendered":"https:\/\/games.tactic.net\/tuote\/lumo-stars-cat-whiskers-classic-plush\/"},"modified":"2026-04-09T11:16:02","modified_gmt":"2026-04-09T08:16:02","slug":"lumo-stars-cat-whiskers-classic-plush","status":"publish","type":"product","link":"https:\/\/games.tactic.net\/fr\/tuote\/lumo-stars-cat-whiskers-classic-plush\/","title":{"rendered":"Lumo Stars Cat Whiskers classic plush"},"content":{"rendered":"<p>Whiskers le chat est synonyme de charme et d\u2019\u00e9l\u00e9gance. Habill\u00e9 d\u2019une fourrure douce aux tons pastel inspir\u00e9s des fleurs printani\u00e8res, il poss\u00e8de un regard curieux et une queue \u00e9l\u00e9gante. Les pattes de Whiskers sont faites pour se d\u00e9placer silencieusement dans votre maison, faisant de lui un ami \u00e0 la fois myst\u00e9rieux et affectueux qui aime se blottir dans les coins douillets.<\/p>\n","protected":false},"excerpt":{"rendered":"<p>Whiskers le chat est synonyme de charme et d\u2019\u00e9l\u00e9gance.<\/p>\n","protected":false},"featured_media":0,"template":"","meta":{"content-type":"","_monsterinsights_skip_tracking":false,"_monsterinsights_sitenote_active":false,"_monsterinsights_sitenote_note":"","_monsterinsights_sitenote_category":0},"product_brand":[],"product_cat":[1892],"product_tag":[],"brand":[{"id":1021,"name":"Lumo Stars","slug":"lumo-stars_fr"}],"target-group":[],"discontinued":[],"class_list":{"0":"post-1370130","1":"product","2":"type-product","3":"status-publish","5":"product_cat-classic-peluches","6":"brand-lumo-stars_fr","8":"first","9":"instock","10":"taxable","11":"shipping-taxable","12":"product-type-simple"},"aioseo_notices":[],"_links":{"self":[{"href":"https:\/\/games.tactic.net\/fr\/wp-json\/wp\/v2\/product\/1370130","targetHints":{"allow":["GET"]}}],"collection":[{"href":"https:\/\/games.tactic.net\/fr\/wp-json\/wp\/v2\/product"}],"about":[{"href":"https:\/\/games.tactic.net\/fr\/wp-json\/wp\/v2\/types\/product"}],"wp:attachment":[{"href":"https:\/\/games.tactic.net\/fr\/wp-json\/wp\/v2\/media?parent=1370130"}],"wp:term":[{"taxonomy":"product_brand","embeddable":true,"href":"https:\/\/games.tactic.net\/fr\/wp-json\/wp\/v2\/product_brand?post=1370130"},{"taxonomy":"product_cat","embeddable":true,"href":"https:\/\/games.tactic.net\/fr\/wp-json\/wp\/v2\/product_cat?post=1370130"},{"taxonomy":"product_tag","embeddable":true,"href":"https:\/\/games.tactic.net\/fr\/wp-json\/wp\/v2\/product_tag?post=1370130"},{"taxonomy":"brand","embeddable":true,"href":"https:\/\/games.tactic.net\/fr\/wp-json\/wp\/v2\/brand?post=1370130"},{"taxonomy":"target-group","embeddable":true,"href":"https:\/\/games.tactic.net\/fr\/wp-json\/wp\/v2\/target-group?post=1370130"},{"taxonomy":"discontinued","embeddable":true,"href":"https:\/\/games.tactic.net\/fr\/wp-json\/wp\/v2\/discontinued?post=1370130"}],"curies":[{"name":"wp","href":"https:\/\/api.w.org\/{rel}","templated":true}]}}