{"id":1370128,"date":"2026-04-09T11:15:39","date_gmt":"2026-04-09T08:15:39","guid":{"rendered":"https:\/\/games.tactic.net\/tuote\/lumo-stars-bear-benny-big-plush\/"},"modified":"2026-04-09T11:15:39","modified_gmt":"2026-04-09T08:15:39","slug":"lumo-stars-bear-benny-big-plush","status":"publish","type":"product","link":"https:\/\/games.tactic.net\/fr\/tuote\/lumo-stars-bear-benny-big-plush\/","title":{"rendered":"Lumo Stars Bear Benny big plush"},"content":{"rendered":"<p>Benny l\u2019ours est l\u2019incarnation de la force et du r\u00e9confort. Son tissu en peluche color\u00e9 offre une \u00e9treinte parfaite. Ses yeux chaleureux et son sourire doux font de lui un refuge rassurant pour chaque enfant. Sa posture solide montre qu\u2019il est pr\u00eat \u00e0 relever tous les d\u00e9fis ludiques.<\/p>\n","protected":false},"excerpt":{"rendered":"<p>Benny l\u2019ours est l\u2019incarnation de la force et du r\u00e9confort.<\/p>\n","protected":false},"featured_media":0,"template":"","meta":{"content-type":"","_monsterinsights_skip_tracking":false,"_monsterinsights_sitenote_active":false,"_monsterinsights_sitenote_note":"","_monsterinsights_sitenote_category":0},"product_brand":[],"product_cat":[1896],"product_tag":[],"brand":[],"target-group":[],"discontinued":[],"class_list":{"0":"post-1370128","1":"product","2":"type-product","3":"status-publish","5":"product_cat-big-peluches","7":"first","8":"instock","9":"taxable","10":"shipping-taxable","11":"product-type-simple"},"aioseo_notices":[],"_links":{"self":[{"href":"https:\/\/games.tactic.net\/fr\/wp-json\/wp\/v2\/product\/1370128","targetHints":{"allow":["GET"]}}],"collection":[{"href":"https:\/\/games.tactic.net\/fr\/wp-json\/wp\/v2\/product"}],"about":[{"href":"https:\/\/games.tactic.net\/fr\/wp-json\/wp\/v2\/types\/product"}],"wp:attachment":[{"href":"https:\/\/games.tactic.net\/fr\/wp-json\/wp\/v2\/media?parent=1370128"}],"wp:term":[{"taxonomy":"product_brand","embeddable":true,"href":"https:\/\/games.tactic.net\/fr\/wp-json\/wp\/v2\/product_brand?post=1370128"},{"taxonomy":"product_cat","embeddable":true,"href":"https:\/\/games.tactic.net\/fr\/wp-json\/wp\/v2\/product_cat?post=1370128"},{"taxonomy":"product_tag","embeddable":true,"href":"https:\/\/games.tactic.net\/fr\/wp-json\/wp\/v2\/product_tag?post=1370128"},{"taxonomy":"brand","embeddable":true,"href":"https:\/\/games.tactic.net\/fr\/wp-json\/wp\/v2\/brand?post=1370128"},{"taxonomy":"target-group","embeddable":true,"href":"https:\/\/games.tactic.net\/fr\/wp-json\/wp\/v2\/target-group?post=1370128"},{"taxonomy":"discontinued","embeddable":true,"href":"https:\/\/games.tactic.net\/fr\/wp-json\/wp\/v2\/discontinued?post=1370128"}],"curies":[{"name":"wp","href":"https:\/\/api.w.org\/{rel}","templated":true}]}}